{"id":1082,"date":"2020-02-11T15:27:28","date_gmt":"2020-02-11T15:27:28","guid":{"rendered":"https:\/\/warex.cz\/warex\/"},"modified":"2026-04-15T09:58:06","modified_gmt":"2026-04-15T07:58:06","slug":"warex","status":"publish","type":"page","link":"https:\/\/warex.cz\/de\/","title":{"rendered":"Warex"},"content":{"rendered":"","protected":false},"excerpt":{"rendered":"","protected":false},"author":2,"featured_media":0,"parent":0,"menu_order":0,"comment_status":"closed","ping_status":"closed","template":"views\/front-page.blade.php","meta":{"_acf_changed":false,"footnotes":""},"class_list":["post-1082","page","type-page","status-publish","hentry"],"acf":[],"yoast_head":"<!-- This site is optimized with the Yoast SEO plugin v26.9 - https:\/\/yoast.com\/product\/yoast-seo-wordpress\/ -->\n<title>Warex - Stahlkonstruktionen, modulare Geb\u00e4ude, Wechselaufbauten<\/title>\n<meta name=\"description\" content=\"Wir produzieren Wohn- und Sanit\u00e4rcontainer, bauen modulare Geb\u00e4ude, entwerfen und realisieren Stahlhallen und andere Stahlkonstruktionen, wir produzieren Wechselaufbauten f\u00fcr den kombinierten Verkehr.\" \/>\n<meta name=\"robots\" content=\"index, follow, max-snippet:-1, max-image-preview:large, max-video-preview:-1\" \/>\n<link rel=\"canonical\" href=\"https:\/\/warex.cz\/de\/\" \/>\n<meta property=\"og:locale\" content=\"de_DE\" \/>\n<meta property=\"og:type\" content=\"article\" \/>\n<meta property=\"og:title\" content=\"Warex - Stahlkonstruktionen, modulare Geb\u00e4ude, Wechselaufbauten\" \/>\n<meta property=\"og:description\" content=\"Wir produzieren Wohn- und Sanit\u00e4rcontainer, bauen modulare Geb\u00e4ude, entwerfen und realisieren Stahlhallen und andere Stahlkonstruktionen, wir produzieren Wechselaufbauten f\u00fcr den kombinierten Verkehr.\" \/>\n<meta property=\"og:url\" content=\"https:\/\/warex.cz\/de\/\" \/>\n<meta property=\"og:site_name\" content=\"Warex\" \/>\n<meta property=\"article:publisher\" content=\"https:\/\/www.facebook.com\/WarexCzech\/notifications\/\" \/>\n<meta property=\"article:modified_time\" content=\"2026-04-15T07:58:06+00:00\" \/>\n<meta name=\"twitter:card\" content=\"summary_large_image\" \/>\n<script type=\"application\/ld+json\" class=\"yoast-schema-graph\">{\"@context\":\"https:\/\/schema.org\",\"@graph\":[{\"@type\":\"WebPage\",\"@id\":\"https:\/\/warex.cz\/de\/\",\"url\":\"https:\/\/warex.cz\/de\/\",\"name\":\"Warex - Stahlkonstruktionen, modulare Geb\u00e4ude, Wechselaufbauten\",\"isPartOf\":{\"@id\":\"https:\/\/warex.cz\/de\/#website\"},\"datePublished\":\"2020-02-11T15:27:28+00:00\",\"dateModified\":\"2026-04-15T07:58:06+00:00\",\"description\":\"Wir produzieren Wohn- und Sanit\u00e4rcontainer, bauen modulare Geb\u00e4ude, entwerfen und realisieren Stahlhallen und andere Stahlkonstruktionen, wir produzieren Wechselaufbauten f\u00fcr den kombinierten Verkehr.\",\"breadcrumb\":{\"@id\":\"https:\/\/warex.cz\/de\/#breadcrumb\"},\"inLanguage\":\"de\",\"potentialAction\":[{\"@type\":\"ReadAction\",\"target\":[\"https:\/\/warex.cz\/de\/\"]}]},{\"@type\":\"BreadcrumbList\",\"@id\":\"https:\/\/warex.cz\/de\/#breadcrumb\",\"itemListElement\":[{\"@type\":\"ListItem\",\"position\":1,\"name\":\"Home\",\"item\":\"https:\/\/warex.cz\/de\/\"},{\"@type\":\"ListItem\",\"position\":2,\"name\":\"Warex\"}]},{\"@type\":\"WebSite\",\"@id\":\"https:\/\/warex.cz\/de\/#website\",\"url\":\"https:\/\/warex.cz\/de\/\",\"name\":\"Warex\",\"description\":\"Web spole\u010dnosti Warex\",\"potentialAction\":[{\"@type\":\"SearchAction\",\"target\":{\"@type\":\"EntryPoint\",\"urlTemplate\":\"https:\/\/warex.cz\/de\/?s={search_term_string}\"},\"query-input\":{\"@type\":\"PropertyValueSpecification\",\"valueRequired\":true,\"valueName\":\"search_term_string\"}}],\"inLanguage\":\"de\"}]}<\/script>\n<!-- \/ Yoast SEO plugin. -->","yoast_head_json":{"title":"Warex - Stahlkonstruktionen, modulare Geb\u00e4ude, Wechselaufbauten","description":"Wir produzieren Wohn- und Sanit\u00e4rcontainer, bauen modulare Geb\u00e4ude, entwerfen und realisieren Stahlhallen und andere Stahlkonstruktionen, wir produzieren Wechselaufbauten f\u00fcr den kombinierten Verkehr.","robots":{"index":"index","follow":"follow","max-snippet":"max-snippet:-1","max-image-preview":"max-image-preview:large","max-video-preview":"max-video-preview:-1"},"canonical":"https:\/\/warex.cz\/de\/","og_locale":"de_DE","og_type":"article","og_title":"Warex - Stahlkonstruktionen, modulare Geb\u00e4ude, Wechselaufbauten","og_description":"Wir produzieren Wohn- und Sanit\u00e4rcontainer, bauen modulare Geb\u00e4ude, entwerfen und realisieren Stahlhallen und andere Stahlkonstruktionen, wir produzieren Wechselaufbauten f\u00fcr den kombinierten Verkehr.","og_url":"https:\/\/warex.cz\/de\/","og_site_name":"Warex","article_publisher":"https:\/\/www.facebook.com\/WarexCzech\/notifications\/","article_modified_time":"2026-04-15T07:58:06+00:00","twitter_card":"summary_large_image","schema":{"@context":"https:\/\/schema.org","@graph":[{"@type":"WebPage","@id":"https:\/\/warex.cz\/de\/","url":"https:\/\/warex.cz\/de\/","name":"Warex - Stahlkonstruktionen, modulare Geb\u00e4ude, Wechselaufbauten","isPartOf":{"@id":"https:\/\/warex.cz\/de\/#website"},"datePublished":"2020-02-11T15:27:28+00:00","dateModified":"2026-04-15T07:58:06+00:00","description":"Wir produzieren Wohn- und Sanit\u00e4rcontainer, bauen modulare Geb\u00e4ude, entwerfen und realisieren Stahlhallen und andere Stahlkonstruktionen, wir produzieren Wechselaufbauten f\u00fcr den kombinierten Verkehr.","breadcrumb":{"@id":"https:\/\/warex.cz\/de\/#breadcrumb"},"inLanguage":"de","potentialAction":[{"@type":"ReadAction","target":["https:\/\/warex.cz\/de\/"]}]},{"@type":"BreadcrumbList","@id":"https:\/\/warex.cz\/de\/#breadcrumb","itemListElement":[{"@type":"ListItem","position":1,"name":"Home","item":"https:\/\/warex.cz\/de\/"},{"@type":"ListItem","position":2,"name":"Warex"}]},{"@type":"WebSite","@id":"https:\/\/warex.cz\/de\/#website","url":"https:\/\/warex.cz\/de\/","name":"Warex","description":"Web spole\u010dnosti Warex","potentialAction":[{"@type":"SearchAction","target":{"@type":"EntryPoint","urlTemplate":"https:\/\/warex.cz\/de\/?s={search_term_string}"},"query-input":{"@type":"PropertyValueSpecification","valueRequired":true,"valueName":"search_term_string"}}],"inLanguage":"de"}]}},"_links":{"self":[{"href":"https:\/\/warex.cz\/de\/wp-json\/wp\/v2\/pages\/1082","targetHints":{"allow":["GET"]}}],"collection":[{"href":"https:\/\/warex.cz\/de\/wp-json\/wp\/v2\/pages"}],"about":[{"href":"https:\/\/warex.cz\/de\/wp-json\/wp\/v2\/types\/page"}],"author":[{"embeddable":true,"href":"https:\/\/warex.cz\/de\/wp-json\/wp\/v2\/users\/2"}],"replies":[{"embeddable":true,"href":"https:\/\/warex.cz\/de\/wp-json\/wp\/v2\/comments?post=1082"}],"version-history":[{"count":100,"href":"https:\/\/warex.cz\/de\/wp-json\/wp\/v2\/pages\/1082\/revisions"}],"predecessor-version":[{"id":19511,"href":"https:\/\/warex.cz\/de\/wp-json\/wp\/v2\/pages\/1082\/revisions\/19511"}],"wp:attachment":[{"href":"https:\/\/warex.cz\/de\/wp-json\/wp\/v2\/media?parent=1082"}],"curies":[{"name":"wp","href":"https:\/\/api.w.org\/{rel}","templated":true}]}}