{"id":1225,"date":"2020-02-20T12:35:39","date_gmt":"2020-02-20T12:35:39","guid":{"rendered":"https:\/\/warex.cz\/?page_id=1225"},"modified":"2026-01-05T11:32:34","modified_gmt":"2026-01-05T10:32:34","slug":"hintergrund","status":"publish","type":"page","link":"https:\/\/warex.cz\/de\/modulgebaude\/hintergrund\/","title":{"rendered":"Hintergrund"},"content":{"rendered":"","protected":false},"excerpt":{"rendered":"","protected":false},"author":2,"featured_media":0,"parent":850,"menu_order":0,"comment_status":"closed","ping_status":"closed","template":"views\/template-modular.blade.php","meta":{"_acf_changed":false,"footnotes":""},"class_list":["post-1225","page","type-page","status-publish","hentry"],"acf":[],"yoast_head":"<!-- This site is optimized with the Yoast SEO plugin v27.5 - https:\/\/yoast.com\/product\/yoast-seo-wordpress\/ -->\n<title>Warex - Hintergrund<\/title>\n<meta name=\"description\" content=\"Ein Containerhaus ist in erster Linie eine andere Bezeichnung f\u00fcr ein Modulbauwerk.Einrichtungen aus Wohncontainern k\u00f6nnen f\u00fcr produzierende Unternehmen, Gesch\u00e4fte, Familien- und Unterhaltungszentren, Rettungseinheiten, Transportunternehmen, Umweltunternehmen usw. verwendet werden.\" \/>\n<meta name=\"robots\" content=\"index, follow, max-snippet:-1, max-image-preview:large, max-video-preview:-1\" \/>\n<link rel=\"canonical\" href=\"https:\/\/warex.cz\/de\/modulgebaude\/hintergrund\/\" \/>\n<meta property=\"og:locale\" content=\"de_DE\" \/>\n<meta property=\"og:type\" content=\"article\" \/>\n<meta property=\"og:title\" content=\"Warex - Hintergrund\" \/>\n<meta property=\"og:description\" content=\"Ein Containerhaus ist in erster Linie eine andere Bezeichnung f\u00fcr ein Modulbauwerk.Einrichtungen aus Wohncontainern k\u00f6nnen f\u00fcr produzierende Unternehmen, Gesch\u00e4fte, Familien- und Unterhaltungszentren, Rettungseinheiten, Transportunternehmen, Umweltunternehmen usw. verwendet werden.\" \/>\n<meta property=\"og:url\" content=\"https:\/\/warex.cz\/de\/modulgebaude\/hintergrund\/\" \/>\n<meta property=\"og:site_name\" content=\"Warex\" \/>\n<meta property=\"article:publisher\" content=\"https:\/\/www.facebook.com\/WarexCzech\/notifications\/\" \/>\n<meta property=\"article:modified_time\" content=\"2026-01-05T10:32:34+00:00\" \/>\n<meta name=\"twitter:card\" content=\"summary_large_image\" \/>\n<script type=\"application\/ld+json\" class=\"yoast-schema-graph\">{\"@context\":\"https:\\\/\\\/schema.org\",\"@graph\":[{\"@type\":\"WebPage\",\"@id\":\"https:\\\/\\\/warex.cz\\\/de\\\/modulgebaude\\\/hintergrund\\\/\",\"url\":\"https:\\\/\\\/warex.cz\\\/de\\\/modulgebaude\\\/hintergrund\\\/\",\"name\":\"Warex - Hintergrund\",\"isPartOf\":{\"@id\":\"https:\\\/\\\/warex.cz\\\/de\\\/#website\"},\"datePublished\":\"2020-02-20T12:35:39+00:00\",\"dateModified\":\"2026-01-05T10:32:34+00:00\",\"description\":\"Ein Containerhaus ist in erster Linie eine andere Bezeichnung f\u00fcr ein Modulbauwerk.Einrichtungen aus Wohncontainern k\u00f6nnen f\u00fcr produzierende Unternehmen, Gesch\u00e4fte, Familien- und Unterhaltungszentren, Rettungseinheiten, Transportunternehmen, Umweltunternehmen usw. verwendet werden.\",\"breadcrumb\":{\"@id\":\"https:\\\/\\\/warex.cz\\\/de\\\/modulgebaude\\\/hintergrund\\\/#breadcrumb\"},\"inLanguage\":\"de\",\"potentialAction\":[{\"@type\":\"ReadAction\",\"target\":[\"https:\\\/\\\/warex.cz\\\/de\\\/modulgebaude\\\/hintergrund\\\/\"]}]},{\"@type\":\"BreadcrumbList\",\"@id\":\"https:\\\/\\\/warex.cz\\\/de\\\/modulgebaude\\\/hintergrund\\\/#breadcrumb\",\"itemListElement\":[{\"@type\":\"ListItem\",\"position\":1,\"name\":\"Home\",\"item\":\"https:\\\/\\\/warex.cz\\\/de\\\/\"},{\"@type\":\"ListItem\",\"position\":2,\"name\":\"Modulgeb\u00e4ude\",\"item\":\"https:\\\/\\\/warex.cz\\\/de\\\/modulgebaude\\\/\"},{\"@type\":\"ListItem\",\"position\":3,\"name\":\"Hintergrund\"}]},{\"@type\":\"WebSite\",\"@id\":\"https:\\\/\\\/warex.cz\\\/de\\\/#website\",\"url\":\"https:\\\/\\\/warex.cz\\\/de\\\/\",\"name\":\"Warex\",\"description\":\"Web spole\u010dnosti Warex\",\"potentialAction\":[{\"@type\":\"SearchAction\",\"target\":{\"@type\":\"EntryPoint\",\"urlTemplate\":\"https:\\\/\\\/warex.cz\\\/de\\\/?s={search_term_string}\"},\"query-input\":{\"@type\":\"PropertyValueSpecification\",\"valueRequired\":true,\"valueName\":\"search_term_string\"}}],\"inLanguage\":\"de\"}]}<\/script>\n<!-- \/ Yoast SEO plugin. -->","yoast_head_json":{"title":"Warex - Hintergrund","description":"Ein Containerhaus ist in erster Linie eine andere Bezeichnung f\u00fcr ein Modulbauwerk.Einrichtungen aus Wohncontainern k\u00f6nnen f\u00fcr produzierende Unternehmen, Gesch\u00e4fte, Familien- und Unterhaltungszentren, Rettungseinheiten, Transportunternehmen, Umweltunternehmen usw. verwendet werden.","robots":{"index":"index","follow":"follow","max-snippet":"max-snippet:-1","max-image-preview":"max-image-preview:large","max-video-preview":"max-video-preview:-1"},"canonical":"https:\/\/warex.cz\/de\/modulgebaude\/hintergrund\/","og_locale":"de_DE","og_type":"article","og_title":"Warex - Hintergrund","og_description":"Ein Containerhaus ist in erster Linie eine andere Bezeichnung f\u00fcr ein Modulbauwerk.Einrichtungen aus Wohncontainern k\u00f6nnen f\u00fcr produzierende Unternehmen, Gesch\u00e4fte, Familien- und Unterhaltungszentren, Rettungseinheiten, Transportunternehmen, Umweltunternehmen usw. verwendet werden.","og_url":"https:\/\/warex.cz\/de\/modulgebaude\/hintergrund\/","og_site_name":"Warex","article_publisher":"https:\/\/www.facebook.com\/WarexCzech\/notifications\/","article_modified_time":"2026-01-05T10:32:34+00:00","twitter_card":"summary_large_image","schema":{"@context":"https:\/\/schema.org","@graph":[{"@type":"WebPage","@id":"https:\/\/warex.cz\/de\/modulgebaude\/hintergrund\/","url":"https:\/\/warex.cz\/de\/modulgebaude\/hintergrund\/","name":"Warex - Hintergrund","isPartOf":{"@id":"https:\/\/warex.cz\/de\/#website"},"datePublished":"2020-02-20T12:35:39+00:00","dateModified":"2026-01-05T10:32:34+00:00","description":"Ein Containerhaus ist in erster Linie eine andere Bezeichnung f\u00fcr ein Modulbauwerk.Einrichtungen aus Wohncontainern k\u00f6nnen f\u00fcr produzierende Unternehmen, Gesch\u00e4fte, Familien- und Unterhaltungszentren, Rettungseinheiten, Transportunternehmen, Umweltunternehmen usw. verwendet werden.","breadcrumb":{"@id":"https:\/\/warex.cz\/de\/modulgebaude\/hintergrund\/#breadcrumb"},"inLanguage":"de","potentialAction":[{"@type":"ReadAction","target":["https:\/\/warex.cz\/de\/modulgebaude\/hintergrund\/"]}]},{"@type":"BreadcrumbList","@id":"https:\/\/warex.cz\/de\/modulgebaude\/hintergrund\/#breadcrumb","itemListElement":[{"@type":"ListItem","position":1,"name":"Home","item":"https:\/\/warex.cz\/de\/"},{"@type":"ListItem","position":2,"name":"Modulgeb\u00e4ude","item":"https:\/\/warex.cz\/de\/modulgebaude\/"},{"@type":"ListItem","position":3,"name":"Hintergrund"}]},{"@type":"WebSite","@id":"https:\/\/warex.cz\/de\/#website","url":"https:\/\/warex.cz\/de\/","name":"Warex","description":"Web spole\u010dnosti Warex","potentialAction":[{"@type":"SearchAction","target":{"@type":"EntryPoint","urlTemplate":"https:\/\/warex.cz\/de\/?s={search_term_string}"},"query-input":{"@type":"PropertyValueSpecification","valueRequired":true,"valueName":"search_term_string"}}],"inLanguage":"de"}]}},"_links":{"self":[{"href":"https:\/\/warex.cz\/de\/wp-json\/wp\/v2\/pages\/1225","targetHints":{"allow":["GET"]}}],"collection":[{"href":"https:\/\/warex.cz\/de\/wp-json\/wp\/v2\/pages"}],"about":[{"href":"https:\/\/warex.cz\/de\/wp-json\/wp\/v2\/types\/page"}],"author":[{"embeddable":true,"href":"https:\/\/warex.cz\/de\/wp-json\/wp\/v2\/users\/2"}],"replies":[{"embeddable":true,"href":"https:\/\/warex.cz\/de\/wp-json\/wp\/v2\/comments?post=1225"}],"version-history":[{"count":33,"href":"https:\/\/warex.cz\/de\/wp-json\/wp\/v2\/pages\/1225\/revisions"}],"predecessor-version":[{"id":18878,"href":"https:\/\/warex.cz\/de\/wp-json\/wp\/v2\/pages\/1225\/revisions\/18878"}],"up":[{"embeddable":true,"href":"https:\/\/warex.cz\/de\/wp-json\/wp\/v2\/pages\/850"}],"wp:attachment":[{"href":"https:\/\/warex.cz\/de\/wp-json\/wp\/v2\/media?parent=1225"}],"curies":[{"name":"wp","href":"https:\/\/api.w.org\/{rel}","templated":true}]}}