{"id":1231,"date":"2020-02-20T12:39:09","date_gmt":"2020-02-20T12:39:09","guid":{"rendered":"https:\/\/warex.cz\/?page_id=1231"},"modified":"2025-10-22T09:16:32","modified_gmt":"2025-10-22T07:16:32","slug":"buerogebaeude","status":"publish","type":"page","link":"https:\/\/warex.cz\/de\/modulgebaude\/buerogebaeude\/","title":{"rendered":"B\u00fcrogeb\u00e4ude"},"content":{"rendered":"","protected":false},"excerpt":{"rendered":"","protected":false},"author":2,"featured_media":731,"parent":850,"menu_order":0,"comment_status":"closed","ping_status":"closed","template":"views\/template-modular.blade.php","meta":{"_acf_changed":false,"footnotes":""},"class_list":["post-1231","page","type-page","status-publish","has-post-thumbnail","hentry"],"acf":[],"yoast_head":"<!-- This site is optimized with the Yoast SEO plugin v26.9 - https:\/\/yoast.com\/product\/yoast-seo-wordpress\/ -->\n<title>Warex - B\u00fcrogeb\u00e4ude aus modularen Containern<\/title>\n<meta name=\"description\" content=\"B\u00fcrogeb\u00e4ude sind neben mit Unterk\u00fcnften die h\u00e4ufigste Form der Umsetzung von modularen Bauwerken.\" \/>\n<meta name=\"robots\" content=\"index, follow, max-snippet:-1, max-image-preview:large, max-video-preview:-1\" \/>\n<link rel=\"canonical\" href=\"https:\/\/warex.cz\/de\/modulgebaude\/buerogebaeude\/\" \/>\n<meta property=\"og:locale\" content=\"de_DE\" \/>\n<meta property=\"og:type\" content=\"article\" \/>\n<meta property=\"og:title\" content=\"Warex - B\u00fcrogeb\u00e4ude aus modularen Containern\" \/>\n<meta property=\"og:description\" content=\"B\u00fcrogeb\u00e4ude sind neben mit Unterk\u00fcnften die h\u00e4ufigste Form der Umsetzung von modularen Bauwerken.\" \/>\n<meta property=\"og:url\" content=\"https:\/\/warex.cz\/de\/modulgebaude\/buerogebaeude\/\" \/>\n<meta property=\"og:site_name\" content=\"Warex\" \/>\n<meta property=\"article:publisher\" content=\"https:\/\/www.facebook.com\/WarexCzech\/notifications\/\" \/>\n<meta property=\"article:modified_time\" content=\"2025-10-22T07:16:32+00:00\" \/>\n<meta property=\"og:image\" content=\"https:\/\/warex.cz\/app\/uploads\/2020\/02\/resources_assets_images_text-on-left-image-1.png\" \/>\n\t<meta property=\"og:image:width\" content=\"950\" \/>\n\t<meta property=\"og:image:height\" content=\"600\" \/>\n\t<meta property=\"og:image:type\" content=\"image\/png\" \/>\n<meta name=\"twitter:card\" content=\"summary_large_image\" \/>\n<meta name=\"twitter:label1\" content=\"Gesch\u00e4tzte Lesezeit\" \/>\n\t<meta name=\"twitter:data1\" content=\"1\u00a0Minute\" \/>\n<script type=\"application\/ld+json\" class=\"yoast-schema-graph\">{\"@context\":\"https:\/\/schema.org\",\"@graph\":[{\"@type\":\"WebPage\",\"@id\":\"https:\/\/warex.cz\/de\/modulgebaude\/buerogebaeude\/\",\"url\":\"https:\/\/warex.cz\/de\/modulgebaude\/buerogebaeude\/\",\"name\":\"Warex - B\u00fcrogeb\u00e4ude aus modularen Containern\",\"isPartOf\":{\"@id\":\"https:\/\/warex.cz\/de\/#website\"},\"primaryImageOfPage\":{\"@id\":\"https:\/\/warex.cz\/de\/modulgebaude\/buerogebaeude\/#primaryimage\"},\"image\":{\"@id\":\"https:\/\/warex.cz\/de\/modulgebaude\/buerogebaeude\/#primaryimage\"},\"thumbnailUrl\":\"https:\/\/warex.cz\/app\/uploads\/2020\/02\/resources_assets_images_text-on-left-image-1.png\",\"datePublished\":\"2020-02-20T12:39:09+00:00\",\"dateModified\":\"2025-10-22T07:16:32+00:00\",\"description\":\"B\u00fcrogeb\u00e4ude sind neben mit Unterk\u00fcnften die h\u00e4ufigste Form der Umsetzung von modularen Bauwerken.\",\"breadcrumb\":{\"@id\":\"https:\/\/warex.cz\/de\/modulgebaude\/buerogebaeude\/#breadcrumb\"},\"inLanguage\":\"de\",\"potentialAction\":[{\"@type\":\"ReadAction\",\"target\":[\"https:\/\/warex.cz\/de\/modulgebaude\/buerogebaeude\/\"]}]},{\"@type\":\"ImageObject\",\"inLanguage\":\"de\",\"@id\":\"https:\/\/warex.cz\/de\/modulgebaude\/buerogebaeude\/#primaryimage\",\"url\":\"https:\/\/warex.cz\/app\/uploads\/2020\/02\/resources_assets_images_text-on-left-image-1.png\",\"contentUrl\":\"https:\/\/warex.cz\/app\/uploads\/2020\/02\/resources_assets_images_text-on-left-image-1.png\",\"width\":950,\"height\":600,\"caption\":\"Warex - Pron\u00e1jem kontejner\u016f\"},{\"@type\":\"BreadcrumbList\",\"@id\":\"https:\/\/warex.cz\/de\/modulgebaude\/buerogebaeude\/#breadcrumb\",\"itemListElement\":[{\"@type\":\"ListItem\",\"position\":1,\"name\":\"Home\",\"item\":\"https:\/\/warex.cz\/de\/\"},{\"@type\":\"ListItem\",\"position\":2,\"name\":\"Modulgeb\u00e4ude\",\"item\":\"https:\/\/warex.cz\/de\/modulgebaude\/\"},{\"@type\":\"ListItem\",\"position\":3,\"name\":\"B\u00fcrogeb\u00e4ude\"}]},{\"@type\":\"WebSite\",\"@id\":\"https:\/\/warex.cz\/de\/#website\",\"url\":\"https:\/\/warex.cz\/de\/\",\"name\":\"Warex\",\"description\":\"Web spole\u010dnosti Warex\",\"potentialAction\":[{\"@type\":\"SearchAction\",\"target\":{\"@type\":\"EntryPoint\",\"urlTemplate\":\"https:\/\/warex.cz\/de\/?s={search_term_string}\"},\"query-input\":{\"@type\":\"PropertyValueSpecification\",\"valueRequired\":true,\"valueName\":\"search_term_string\"}}],\"inLanguage\":\"de\"}]}<\/script>\n<!-- \/ Yoast SEO plugin. -->","yoast_head_json":{"title":"Warex - B\u00fcrogeb\u00e4ude aus modularen Containern","description":"B\u00fcrogeb\u00e4ude sind neben mit Unterk\u00fcnften die h\u00e4ufigste Form der Umsetzung von modularen Bauwerken.","robots":{"index":"index","follow":"follow","max-snippet":"max-snippet:-1","max-image-preview":"max-image-preview:large","max-video-preview":"max-video-preview:-1"},"canonical":"https:\/\/warex.cz\/de\/modulgebaude\/buerogebaeude\/","og_locale":"de_DE","og_type":"article","og_title":"Warex - B\u00fcrogeb\u00e4ude aus modularen Containern","og_description":"B\u00fcrogeb\u00e4ude sind neben mit Unterk\u00fcnften die h\u00e4ufigste Form der Umsetzung von modularen Bauwerken.","og_url":"https:\/\/warex.cz\/de\/modulgebaude\/buerogebaeude\/","og_site_name":"Warex","article_publisher":"https:\/\/www.facebook.com\/WarexCzech\/notifications\/","article_modified_time":"2025-10-22T07:16:32+00:00","og_image":[{"width":950,"height":600,"url":"https:\/\/warex.cz\/app\/uploads\/2020\/02\/resources_assets_images_text-on-left-image-1.png","type":"image\/png"}],"twitter_card":"summary_large_image","twitter_misc":{"Gesch\u00e4tzte Lesezeit":"1\u00a0Minute"},"schema":{"@context":"https:\/\/schema.org","@graph":[{"@type":"WebPage","@id":"https:\/\/warex.cz\/de\/modulgebaude\/buerogebaeude\/","url":"https:\/\/warex.cz\/de\/modulgebaude\/buerogebaeude\/","name":"Warex - B\u00fcrogeb\u00e4ude aus modularen Containern","isPartOf":{"@id":"https:\/\/warex.cz\/de\/#website"},"primaryImageOfPage":{"@id":"https:\/\/warex.cz\/de\/modulgebaude\/buerogebaeude\/#primaryimage"},"image":{"@id":"https:\/\/warex.cz\/de\/modulgebaude\/buerogebaeude\/#primaryimage"},"thumbnailUrl":"https:\/\/warex.cz\/app\/uploads\/2020\/02\/resources_assets_images_text-on-left-image-1.png","datePublished":"2020-02-20T12:39:09+00:00","dateModified":"2025-10-22T07:16:32+00:00","description":"B\u00fcrogeb\u00e4ude sind neben mit Unterk\u00fcnften die h\u00e4ufigste Form der Umsetzung von modularen Bauwerken.","breadcrumb":{"@id":"https:\/\/warex.cz\/de\/modulgebaude\/buerogebaeude\/#breadcrumb"},"inLanguage":"de","potentialAction":[{"@type":"ReadAction","target":["https:\/\/warex.cz\/de\/modulgebaude\/buerogebaeude\/"]}]},{"@type":"ImageObject","inLanguage":"de","@id":"https:\/\/warex.cz\/de\/modulgebaude\/buerogebaeude\/#primaryimage","url":"https:\/\/warex.cz\/app\/uploads\/2020\/02\/resources_assets_images_text-on-left-image-1.png","contentUrl":"https:\/\/warex.cz\/app\/uploads\/2020\/02\/resources_assets_images_text-on-left-image-1.png","width":950,"height":600,"caption":"Warex - Pron\u00e1jem kontejner\u016f"},{"@type":"BreadcrumbList","@id":"https:\/\/warex.cz\/de\/modulgebaude\/buerogebaeude\/#breadcrumb","itemListElement":[{"@type":"ListItem","position":1,"name":"Home","item":"https:\/\/warex.cz\/de\/"},{"@type":"ListItem","position":2,"name":"Modulgeb\u00e4ude","item":"https:\/\/warex.cz\/de\/modulgebaude\/"},{"@type":"ListItem","position":3,"name":"B\u00fcrogeb\u00e4ude"}]},{"@type":"WebSite","@id":"https:\/\/warex.cz\/de\/#website","url":"https:\/\/warex.cz\/de\/","name":"Warex","description":"Web spole\u010dnosti Warex","potentialAction":[{"@type":"SearchAction","target":{"@type":"EntryPoint","urlTemplate":"https:\/\/warex.cz\/de\/?s={search_term_string}"},"query-input":{"@type":"PropertyValueSpecification","valueRequired":true,"valueName":"search_term_string"}}],"inLanguage":"de"}]}},"_links":{"self":[{"href":"https:\/\/warex.cz\/de\/wp-json\/wp\/v2\/pages\/1231","targetHints":{"allow":["GET"]}}],"collection":[{"href":"https:\/\/warex.cz\/de\/wp-json\/wp\/v2\/pages"}],"about":[{"href":"https:\/\/warex.cz\/de\/wp-json\/wp\/v2\/types\/page"}],"author":[{"embeddable":true,"href":"https:\/\/warex.cz\/de\/wp-json\/wp\/v2\/users\/2"}],"replies":[{"embeddable":true,"href":"https:\/\/warex.cz\/de\/wp-json\/wp\/v2\/comments?post=1231"}],"version-history":[{"count":42,"href":"https:\/\/warex.cz\/de\/wp-json\/wp\/v2\/pages\/1231\/revisions"}],"predecessor-version":[{"id":18633,"href":"https:\/\/warex.cz\/de\/wp-json\/wp\/v2\/pages\/1231\/revisions\/18633"}],"up":[{"embeddable":true,"href":"https:\/\/warex.cz\/de\/wp-json\/wp\/v2\/pages\/850"}],"wp:featuredmedia":[{"embeddable":true,"href":"https:\/\/warex.cz\/de\/wp-json\/wp\/v2\/media\/731"}],"wp:attachment":[{"href":"https:\/\/warex.cz\/de\/wp-json\/wp\/v2\/media?parent=1231"}],"curies":[{"name":"wp","href":"https:\/\/api.w.org\/{rel}","templated":true}]}}