{"id":1233,"date":"2020-02-20T12:40:21","date_gmt":"2020-02-20T12:40:21","guid":{"rendered":"https:\/\/warex.cz\/?page_id=1233"},"modified":"2025-09-03T10:39:58","modified_gmt":"2025-09-03T08:39:58","slug":"sportstaettengebaeude","status":"publish","type":"page","link":"https:\/\/warex.cz\/de\/modulgebaude\/sportstaettengebaeude\/","title":{"rendered":"Sportst\u00e4ttengeb\u00e4ude"},"content":{"rendered":"","protected":false},"excerpt":{"rendered":"","protected":false},"author":2,"featured_media":153,"parent":850,"menu_order":0,"comment_status":"closed","ping_status":"closed","template":"views\/template-modular.blade.php","meta":{"_acf_changed":false,"footnotes":""},"class_list":["post-1233","page","type-page","status-publish","has-post-thumbnail","hentry"],"acf":[],"yoast_head":"<!-- This site is optimized with the Yoast SEO plugin v26.9 - https:\/\/yoast.com\/product\/yoast-seo-wordpress\/ -->\n<title>Warex - Sportst\u00e4ttengeb\u00e4ude aus modularen Modulen<\/title>\n<meta name=\"description\" content=\"Der modulare Aufbau eignet sich besonders f\u00fcr Sportanlagen und deren Einrichtungen. Insbesondere wird hier auf die finanzielle Rentabilit\u00e4t sowie gegebenenfalls die einfache Erweiterung der Konstruktion Wert gelegt.\" \/>\n<meta name=\"robots\" content=\"index, follow, max-snippet:-1, max-image-preview:large, max-video-preview:-1\" \/>\n<link rel=\"canonical\" href=\"https:\/\/warex.cz\/de\/modulgebaude\/sportstaettengebaeude\/\" \/>\n<meta property=\"og:locale\" content=\"de_DE\" \/>\n<meta property=\"og:type\" content=\"article\" \/>\n<meta property=\"og:title\" content=\"Warex - Sportst\u00e4ttengeb\u00e4ude aus modularen Modulen\" \/>\n<meta property=\"og:description\" content=\"Der modulare Aufbau eignet sich besonders f\u00fcr Sportanlagen und deren Einrichtungen. Insbesondere wird hier auf die finanzielle Rentabilit\u00e4t sowie gegebenenfalls die einfache Erweiterung der Konstruktion Wert gelegt.\" \/>\n<meta property=\"og:url\" content=\"https:\/\/warex.cz\/de\/modulgebaude\/sportstaettengebaeude\/\" \/>\n<meta property=\"og:site_name\" content=\"Warex\" \/>\n<meta property=\"article:publisher\" content=\"https:\/\/www.facebook.com\/WarexCzech\/notifications\/\" \/>\n<meta property=\"article:modified_time\" content=\"2025-09-03T08:39:58+00:00\" \/>\n<meta property=\"og:image\" content=\"https:\/\/warex.cz\/app\/uploads\/2020\/02\/20190709_142251-1.jpg\" \/>\n\t<meta property=\"og:image:width\" content=\"960\" \/>\n\t<meta property=\"og:image:height\" content=\"720\" \/>\n\t<meta property=\"og:image:type\" content=\"image\/jpeg\" \/>\n<meta name=\"twitter:card\" content=\"summary_large_image\" \/>\n<meta name=\"twitter:label1\" content=\"Gesch\u00e4tzte Lesezeit\" \/>\n\t<meta name=\"twitter:data1\" content=\"1\u00a0Minute\" \/>\n<script type=\"application\/ld+json\" class=\"yoast-schema-graph\">{\"@context\":\"https:\/\/schema.org\",\"@graph\":[{\"@type\":\"WebPage\",\"@id\":\"https:\/\/warex.cz\/de\/modulgebaude\/sportstaettengebaeude\/\",\"url\":\"https:\/\/warex.cz\/de\/modulgebaude\/sportstaettengebaeude\/\",\"name\":\"Warex - Sportst\u00e4ttengeb\u00e4ude aus modularen Modulen\",\"isPartOf\":{\"@id\":\"https:\/\/warex.cz\/de\/#website\"},\"primaryImageOfPage\":{\"@id\":\"https:\/\/warex.cz\/de\/modulgebaude\/sportstaettengebaeude\/#primaryimage\"},\"image\":{\"@id\":\"https:\/\/warex.cz\/de\/modulgebaude\/sportstaettengebaeude\/#primaryimage\"},\"thumbnailUrl\":\"https:\/\/warex.cz\/app\/uploads\/2020\/02\/20190709_142251-1.jpg\",\"datePublished\":\"2020-02-20T12:40:21+00:00\",\"dateModified\":\"2025-09-03T08:39:58+00:00\",\"description\":\"Der modulare Aufbau eignet sich besonders f\u00fcr Sportanlagen und deren Einrichtungen. Insbesondere wird hier auf die finanzielle Rentabilit\u00e4t sowie gegebenenfalls die einfache Erweiterung der Konstruktion Wert gelegt.\",\"breadcrumb\":{\"@id\":\"https:\/\/warex.cz\/de\/modulgebaude\/sportstaettengebaeude\/#breadcrumb\"},\"inLanguage\":\"de\",\"potentialAction\":[{\"@type\":\"ReadAction\",\"target\":[\"https:\/\/warex.cz\/de\/modulgebaude\/sportstaettengebaeude\/\"]}]},{\"@type\":\"ImageObject\",\"inLanguage\":\"de\",\"@id\":\"https:\/\/warex.cz\/de\/modulgebaude\/sportstaettengebaeude\/#primaryimage\",\"url\":\"https:\/\/warex.cz\/app\/uploads\/2020\/02\/20190709_142251-1.jpg\",\"contentUrl\":\"https:\/\/warex.cz\/app\/uploads\/2020\/02\/20190709_142251-1.jpg\",\"width\":960,\"height\":720,\"caption\":\"Warex - Modulgeb\u00e4ude\"},{\"@type\":\"BreadcrumbList\",\"@id\":\"https:\/\/warex.cz\/de\/modulgebaude\/sportstaettengebaeude\/#breadcrumb\",\"itemListElement\":[{\"@type\":\"ListItem\",\"position\":1,\"name\":\"Home\",\"item\":\"https:\/\/warex.cz\/de\/\"},{\"@type\":\"ListItem\",\"position\":2,\"name\":\"Modulgeb\u00e4ude\",\"item\":\"https:\/\/warex.cz\/de\/modulgebaude\/\"},{\"@type\":\"ListItem\",\"position\":3,\"name\":\"Sportst\u00e4ttengeb\u00e4ude\"}]},{\"@type\":\"WebSite\",\"@id\":\"https:\/\/warex.cz\/de\/#website\",\"url\":\"https:\/\/warex.cz\/de\/\",\"name\":\"Warex\",\"description\":\"Web spole\u010dnosti Warex\",\"potentialAction\":[{\"@type\":\"SearchAction\",\"target\":{\"@type\":\"EntryPoint\",\"urlTemplate\":\"https:\/\/warex.cz\/de\/?s={search_term_string}\"},\"query-input\":{\"@type\":\"PropertyValueSpecification\",\"valueRequired\":true,\"valueName\":\"search_term_string\"}}],\"inLanguage\":\"de\"}]}<\/script>\n<!-- \/ Yoast SEO plugin. -->","yoast_head_json":{"title":"Warex - Sportst\u00e4ttengeb\u00e4ude aus modularen Modulen","description":"Der modulare Aufbau eignet sich besonders f\u00fcr Sportanlagen und deren Einrichtungen. Insbesondere wird hier auf die finanzielle Rentabilit\u00e4t sowie gegebenenfalls die einfache Erweiterung der Konstruktion Wert gelegt.","robots":{"index":"index","follow":"follow","max-snippet":"max-snippet:-1","max-image-preview":"max-image-preview:large","max-video-preview":"max-video-preview:-1"},"canonical":"https:\/\/warex.cz\/de\/modulgebaude\/sportstaettengebaeude\/","og_locale":"de_DE","og_type":"article","og_title":"Warex - Sportst\u00e4ttengeb\u00e4ude aus modularen Modulen","og_description":"Der modulare Aufbau eignet sich besonders f\u00fcr Sportanlagen und deren Einrichtungen. Insbesondere wird hier auf die finanzielle Rentabilit\u00e4t sowie gegebenenfalls die einfache Erweiterung der Konstruktion Wert gelegt.","og_url":"https:\/\/warex.cz\/de\/modulgebaude\/sportstaettengebaeude\/","og_site_name":"Warex","article_publisher":"https:\/\/www.facebook.com\/WarexCzech\/notifications\/","article_modified_time":"2025-09-03T08:39:58+00:00","og_image":[{"width":960,"height":720,"url":"https:\/\/warex.cz\/app\/uploads\/2020\/02\/20190709_142251-1.jpg","type":"image\/jpeg"}],"twitter_card":"summary_large_image","twitter_misc":{"Gesch\u00e4tzte Lesezeit":"1\u00a0Minute"},"schema":{"@context":"https:\/\/schema.org","@graph":[{"@type":"WebPage","@id":"https:\/\/warex.cz\/de\/modulgebaude\/sportstaettengebaeude\/","url":"https:\/\/warex.cz\/de\/modulgebaude\/sportstaettengebaeude\/","name":"Warex - Sportst\u00e4ttengeb\u00e4ude aus modularen Modulen","isPartOf":{"@id":"https:\/\/warex.cz\/de\/#website"},"primaryImageOfPage":{"@id":"https:\/\/warex.cz\/de\/modulgebaude\/sportstaettengebaeude\/#primaryimage"},"image":{"@id":"https:\/\/warex.cz\/de\/modulgebaude\/sportstaettengebaeude\/#primaryimage"},"thumbnailUrl":"https:\/\/warex.cz\/app\/uploads\/2020\/02\/20190709_142251-1.jpg","datePublished":"2020-02-20T12:40:21+00:00","dateModified":"2025-09-03T08:39:58+00:00","description":"Der modulare Aufbau eignet sich besonders f\u00fcr Sportanlagen und deren Einrichtungen. Insbesondere wird hier auf die finanzielle Rentabilit\u00e4t sowie gegebenenfalls die einfache Erweiterung der Konstruktion Wert gelegt.","breadcrumb":{"@id":"https:\/\/warex.cz\/de\/modulgebaude\/sportstaettengebaeude\/#breadcrumb"},"inLanguage":"de","potentialAction":[{"@type":"ReadAction","target":["https:\/\/warex.cz\/de\/modulgebaude\/sportstaettengebaeude\/"]}]},{"@type":"ImageObject","inLanguage":"de","@id":"https:\/\/warex.cz\/de\/modulgebaude\/sportstaettengebaeude\/#primaryimage","url":"https:\/\/warex.cz\/app\/uploads\/2020\/02\/20190709_142251-1.jpg","contentUrl":"https:\/\/warex.cz\/app\/uploads\/2020\/02\/20190709_142251-1.jpg","width":960,"height":720,"caption":"Warex - Modulgeb\u00e4ude"},{"@type":"BreadcrumbList","@id":"https:\/\/warex.cz\/de\/modulgebaude\/sportstaettengebaeude\/#breadcrumb","itemListElement":[{"@type":"ListItem","position":1,"name":"Home","item":"https:\/\/warex.cz\/de\/"},{"@type":"ListItem","position":2,"name":"Modulgeb\u00e4ude","item":"https:\/\/warex.cz\/de\/modulgebaude\/"},{"@type":"ListItem","position":3,"name":"Sportst\u00e4ttengeb\u00e4ude"}]},{"@type":"WebSite","@id":"https:\/\/warex.cz\/de\/#website","url":"https:\/\/warex.cz\/de\/","name":"Warex","description":"Web spole\u010dnosti Warex","potentialAction":[{"@type":"SearchAction","target":{"@type":"EntryPoint","urlTemplate":"https:\/\/warex.cz\/de\/?s={search_term_string}"},"query-input":{"@type":"PropertyValueSpecification","valueRequired":true,"valueName":"search_term_string"}}],"inLanguage":"de"}]}},"_links":{"self":[{"href":"https:\/\/warex.cz\/de\/wp-json\/wp\/v2\/pages\/1233","targetHints":{"allow":["GET"]}}],"collection":[{"href":"https:\/\/warex.cz\/de\/wp-json\/wp\/v2\/pages"}],"about":[{"href":"https:\/\/warex.cz\/de\/wp-json\/wp\/v2\/types\/page"}],"author":[{"embeddable":true,"href":"https:\/\/warex.cz\/de\/wp-json\/wp\/v2\/users\/2"}],"replies":[{"embeddable":true,"href":"https:\/\/warex.cz\/de\/wp-json\/wp\/v2\/comments?post=1233"}],"version-history":[{"count":19,"href":"https:\/\/warex.cz\/de\/wp-json\/wp\/v2\/pages\/1233\/revisions"}],"predecessor-version":[{"id":18420,"href":"https:\/\/warex.cz\/de\/wp-json\/wp\/v2\/pages\/1233\/revisions\/18420"}],"up":[{"embeddable":true,"href":"https:\/\/warex.cz\/de\/wp-json\/wp\/v2\/pages\/850"}],"wp:featuredmedia":[{"embeddable":true,"href":"https:\/\/warex.cz\/de\/wp-json\/wp\/v2\/media\/153"}],"wp:attachment":[{"href":"https:\/\/warex.cz\/de\/wp-json\/wp\/v2\/media?parent=1233"}],"curies":[{"name":"wp","href":"https:\/\/api.w.org\/{rel}","templated":true}]}}