{"id":1237,"date":"2020-02-20T12:42:45","date_gmt":"2020-02-20T12:42:45","guid":{"rendered":"https:\/\/warex.cz\/?page_id=1237"},"modified":"2023-03-15T10:18:24","modified_gmt":"2023-03-15T09:18:24","slug":"sanitaercontainer","status":"publish","type":"page","link":"https:\/\/warex.cz\/de\/modulgebaude\/sanitaercontainer\/","title":{"rendered":"Sanit\u00e4rcontainer"},"content":{"rendered":"","protected":false},"excerpt":{"rendered":"","protected":false},"author":2,"featured_media":744,"parent":850,"menu_order":0,"comment_status":"closed","ping_status":"closed","template":"views\/template-modular.blade.php","meta":{"_acf_changed":false,"footnotes":""},"class_list":["post-1237","page","type-page","status-publish","has-post-thumbnail","hentry"],"acf":[],"yoast_head":"<!-- This site is optimized with the Yoast SEO plugin v26.9 - https:\/\/yoast.com\/product\/yoast-seo-wordpress\/ -->\n<title>Warex - Sanit\u00e4rcontainer<\/title>\n<meta name=\"description\" content=\"Zu jeder Einrichtung, die aus Wohnzellen besteht, geh\u00f6ren Sanit\u00e4reinrichtungen. Diese Sanit\u00e4reinrichtungen lassen sich am einfachsten durch sogenannte Sanit\u00e4rcontainer l\u00f6sen.\" \/>\n<meta name=\"robots\" content=\"index, follow, max-snippet:-1, max-image-preview:large, max-video-preview:-1\" \/>\n<link rel=\"canonical\" href=\"https:\/\/warex.cz\/de\/modulgebaude\/sanitaercontainer\/\" \/>\n<meta property=\"og:locale\" content=\"de_DE\" \/>\n<meta property=\"og:type\" content=\"article\" \/>\n<meta property=\"og:title\" content=\"Warex - Sanit\u00e4rcontainer\" \/>\n<meta property=\"og:description\" content=\"Zu jeder Einrichtung, die aus Wohnzellen besteht, geh\u00f6ren Sanit\u00e4reinrichtungen. Diese Sanit\u00e4reinrichtungen lassen sich am einfachsten durch sogenannte Sanit\u00e4rcontainer l\u00f6sen.\" \/>\n<meta property=\"og:url\" content=\"https:\/\/warex.cz\/de\/modulgebaude\/sanitaercontainer\/\" \/>\n<meta property=\"og:site_name\" content=\"Warex\" \/>\n<meta property=\"article:publisher\" content=\"https:\/\/www.facebook.com\/WarexCzech\/notifications\/\" \/>\n<meta property=\"article:modified_time\" content=\"2023-03-15T09:18:24+00:00\" \/>\n<meta property=\"og:image\" content=\"https:\/\/warex.cz\/app\/uploads\/2020\/02\/nerez-umyvadlo-prietokovy-ohrievac.png\" \/>\n\t<meta property=\"og:image:width\" content=\"240\" \/>\n\t<meta property=\"og:image:height\" content=\"240\" \/>\n\t<meta property=\"og:image:type\" content=\"image\/png\" \/>\n<meta name=\"twitter:card\" content=\"summary_large_image\" \/>\n<script type=\"application\/ld+json\" class=\"yoast-schema-graph\">{\"@context\":\"https:\/\/schema.org\",\"@graph\":[{\"@type\":\"WebPage\",\"@id\":\"https:\/\/warex.cz\/de\/modulgebaude\/sanitaercontainer\/\",\"url\":\"https:\/\/warex.cz\/de\/modulgebaude\/sanitaercontainer\/\",\"name\":\"Warex - Sanit\u00e4rcontainer\",\"isPartOf\":{\"@id\":\"https:\/\/warex.cz\/de\/#website\"},\"primaryImageOfPage\":{\"@id\":\"https:\/\/warex.cz\/de\/modulgebaude\/sanitaercontainer\/#primaryimage\"},\"image\":{\"@id\":\"https:\/\/warex.cz\/de\/modulgebaude\/sanitaercontainer\/#primaryimage\"},\"thumbnailUrl\":\"https:\/\/warex.cz\/app\/uploads\/2020\/02\/nerez-umyvadlo-prietokovy-ohrievac.png\",\"datePublished\":\"2020-02-20T12:42:45+00:00\",\"dateModified\":\"2023-03-15T09:18:24+00:00\",\"description\":\"Zu jeder Einrichtung, die aus Wohnzellen besteht, geh\u00f6ren Sanit\u00e4reinrichtungen. Diese Sanit\u00e4reinrichtungen lassen sich am einfachsten durch sogenannte Sanit\u00e4rcontainer l\u00f6sen.\",\"breadcrumb\":{\"@id\":\"https:\/\/warex.cz\/de\/modulgebaude\/sanitaercontainer\/#breadcrumb\"},\"inLanguage\":\"de\",\"potentialAction\":[{\"@type\":\"ReadAction\",\"target\":[\"https:\/\/warex.cz\/de\/modulgebaude\/sanitaercontainer\/\"]}]},{\"@type\":\"ImageObject\",\"inLanguage\":\"de\",\"@id\":\"https:\/\/warex.cz\/de\/modulgebaude\/sanitaercontainer\/#primaryimage\",\"url\":\"https:\/\/warex.cz\/app\/uploads\/2020\/02\/nerez-umyvadlo-prietokovy-ohrievac.png\",\"contentUrl\":\"https:\/\/warex.cz\/app\/uploads\/2020\/02\/nerez-umyvadlo-prietokovy-ohrievac.png\",\"width\":240,\"height\":240,\"caption\":\"Warex - Pron\u00e1jem kontejner\u016f\"},{\"@type\":\"BreadcrumbList\",\"@id\":\"https:\/\/warex.cz\/de\/modulgebaude\/sanitaercontainer\/#breadcrumb\",\"itemListElement\":[{\"@type\":\"ListItem\",\"position\":1,\"name\":\"Home\",\"item\":\"https:\/\/warex.cz\/de\/\"},{\"@type\":\"ListItem\",\"position\":2,\"name\":\"Modulgeb\u00e4ude\",\"item\":\"https:\/\/warex.cz\/de\/modulgebaude\/\"},{\"@type\":\"ListItem\",\"position\":3,\"name\":\"Sanit\u00e4rcontainer\"}]},{\"@type\":\"WebSite\",\"@id\":\"https:\/\/warex.cz\/de\/#website\",\"url\":\"https:\/\/warex.cz\/de\/\",\"name\":\"Warex\",\"description\":\"Web spole\u010dnosti Warex\",\"potentialAction\":[{\"@type\":\"SearchAction\",\"target\":{\"@type\":\"EntryPoint\",\"urlTemplate\":\"https:\/\/warex.cz\/de\/?s={search_term_string}\"},\"query-input\":{\"@type\":\"PropertyValueSpecification\",\"valueRequired\":true,\"valueName\":\"search_term_string\"}}],\"inLanguage\":\"de\"}]}<\/script>\n<!-- \/ Yoast SEO plugin. -->","yoast_head_json":{"title":"Warex - Sanit\u00e4rcontainer","description":"Zu jeder Einrichtung, die aus Wohnzellen besteht, geh\u00f6ren Sanit\u00e4reinrichtungen. Diese Sanit\u00e4reinrichtungen lassen sich am einfachsten durch sogenannte Sanit\u00e4rcontainer l\u00f6sen.","robots":{"index":"index","follow":"follow","max-snippet":"max-snippet:-1","max-image-preview":"max-image-preview:large","max-video-preview":"max-video-preview:-1"},"canonical":"https:\/\/warex.cz\/de\/modulgebaude\/sanitaercontainer\/","og_locale":"de_DE","og_type":"article","og_title":"Warex - Sanit\u00e4rcontainer","og_description":"Zu jeder Einrichtung, die aus Wohnzellen besteht, geh\u00f6ren Sanit\u00e4reinrichtungen. Diese Sanit\u00e4reinrichtungen lassen sich am einfachsten durch sogenannte Sanit\u00e4rcontainer l\u00f6sen.","og_url":"https:\/\/warex.cz\/de\/modulgebaude\/sanitaercontainer\/","og_site_name":"Warex","article_publisher":"https:\/\/www.facebook.com\/WarexCzech\/notifications\/","article_modified_time":"2023-03-15T09:18:24+00:00","og_image":[{"width":240,"height":240,"url":"https:\/\/warex.cz\/app\/uploads\/2020\/02\/nerez-umyvadlo-prietokovy-ohrievac.png","type":"image\/png"}],"twitter_card":"summary_large_image","schema":{"@context":"https:\/\/schema.org","@graph":[{"@type":"WebPage","@id":"https:\/\/warex.cz\/de\/modulgebaude\/sanitaercontainer\/","url":"https:\/\/warex.cz\/de\/modulgebaude\/sanitaercontainer\/","name":"Warex - Sanit\u00e4rcontainer","isPartOf":{"@id":"https:\/\/warex.cz\/de\/#website"},"primaryImageOfPage":{"@id":"https:\/\/warex.cz\/de\/modulgebaude\/sanitaercontainer\/#primaryimage"},"image":{"@id":"https:\/\/warex.cz\/de\/modulgebaude\/sanitaercontainer\/#primaryimage"},"thumbnailUrl":"https:\/\/warex.cz\/app\/uploads\/2020\/02\/nerez-umyvadlo-prietokovy-ohrievac.png","datePublished":"2020-02-20T12:42:45+00:00","dateModified":"2023-03-15T09:18:24+00:00","description":"Zu jeder Einrichtung, die aus Wohnzellen besteht, geh\u00f6ren Sanit\u00e4reinrichtungen. Diese Sanit\u00e4reinrichtungen lassen sich am einfachsten durch sogenannte Sanit\u00e4rcontainer l\u00f6sen.","breadcrumb":{"@id":"https:\/\/warex.cz\/de\/modulgebaude\/sanitaercontainer\/#breadcrumb"},"inLanguage":"de","potentialAction":[{"@type":"ReadAction","target":["https:\/\/warex.cz\/de\/modulgebaude\/sanitaercontainer\/"]}]},{"@type":"ImageObject","inLanguage":"de","@id":"https:\/\/warex.cz\/de\/modulgebaude\/sanitaercontainer\/#primaryimage","url":"https:\/\/warex.cz\/app\/uploads\/2020\/02\/nerez-umyvadlo-prietokovy-ohrievac.png","contentUrl":"https:\/\/warex.cz\/app\/uploads\/2020\/02\/nerez-umyvadlo-prietokovy-ohrievac.png","width":240,"height":240,"caption":"Warex - Pron\u00e1jem kontejner\u016f"},{"@type":"BreadcrumbList","@id":"https:\/\/warex.cz\/de\/modulgebaude\/sanitaercontainer\/#breadcrumb","itemListElement":[{"@type":"ListItem","position":1,"name":"Home","item":"https:\/\/warex.cz\/de\/"},{"@type":"ListItem","position":2,"name":"Modulgeb\u00e4ude","item":"https:\/\/warex.cz\/de\/modulgebaude\/"},{"@type":"ListItem","position":3,"name":"Sanit\u00e4rcontainer"}]},{"@type":"WebSite","@id":"https:\/\/warex.cz\/de\/#website","url":"https:\/\/warex.cz\/de\/","name":"Warex","description":"Web spole\u010dnosti Warex","potentialAction":[{"@type":"SearchAction","target":{"@type":"EntryPoint","urlTemplate":"https:\/\/warex.cz\/de\/?s={search_term_string}"},"query-input":{"@type":"PropertyValueSpecification","valueRequired":true,"valueName":"search_term_string"}}],"inLanguage":"de"}]}},"_links":{"self":[{"href":"https:\/\/warex.cz\/de\/wp-json\/wp\/v2\/pages\/1237","targetHints":{"allow":["GET"]}}],"collection":[{"href":"https:\/\/warex.cz\/de\/wp-json\/wp\/v2\/pages"}],"about":[{"href":"https:\/\/warex.cz\/de\/wp-json\/wp\/v2\/types\/page"}],"author":[{"embeddable":true,"href":"https:\/\/warex.cz\/de\/wp-json\/wp\/v2\/users\/2"}],"replies":[{"embeddable":true,"href":"https:\/\/warex.cz\/de\/wp-json\/wp\/v2\/comments?post=1237"}],"version-history":[{"count":17,"href":"https:\/\/warex.cz\/de\/wp-json\/wp\/v2\/pages\/1237\/revisions"}],"predecessor-version":[{"id":9813,"href":"https:\/\/warex.cz\/de\/wp-json\/wp\/v2\/pages\/1237\/revisions\/9813"}],"up":[{"embeddable":true,"href":"https:\/\/warex.cz\/de\/wp-json\/wp\/v2\/pages\/850"}],"wp:featuredmedia":[{"embeddable":true,"href":"https:\/\/warex.cz\/de\/wp-json\/wp\/v2\/media\/744"}],"wp:attachment":[{"href":"https:\/\/warex.cz\/de\/wp-json\/wp\/v2\/media?parent=1237"}],"curies":[{"name":"wp","href":"https:\/\/api.w.org\/{rel}","templated":true}]}}