{"id":1724,"date":"2020-03-03T10:06:32","date_gmt":"2020-03-03T10:06:32","guid":{"rendered":"https:\/\/warex.cz\/?page_id=1724"},"modified":"2020-04-10T13:48:48","modified_gmt":"2020-04-10T13:48:48","slug":"verwaltungsgebaeude","status":"publish","type":"page","link":"https:\/\/warex.cz\/de\/stahlkonstruktionen\/verwaltungsgebaeude\/","title":{"rendered":"Verwaltungsgeb\u00e4ude"},"content":{"rendered":"","protected":false},"excerpt":{"rendered":"","protected":false},"author":2,"featured_media":467,"parent":869,"menu_order":0,"comment_status":"closed","ping_status":"closed","template":"views\/template-modular.blade.php","meta":{"_acf_changed":false,"footnotes":""},"class_list":["post-1724","page","type-page","status-publish","has-post-thumbnail","hentry"],"acf":[],"yoast_head":"<!-- This site is optimized with the Yoast SEO plugin v26.9 - https:\/\/yoast.com\/product\/yoast-seo-wordpress\/ -->\n<title>Warex - Verwaltungsgeb\u00e4ude<\/title>\n<meta name=\"description\" content=\"Diese Konstruktionsart findet sich in vielen Bauten f\u00fcr st\u00e4dtische Einrichtungen, Sporthallen, Kinderg\u00e4rten, Ausstellungsfl\u00e4chen von Gesch\u00e4ften und B\u00fcrogeb\u00e4uden.\" \/>\n<meta name=\"robots\" content=\"index, follow, max-snippet:-1, max-image-preview:large, max-video-preview:-1\" \/>\n<link rel=\"canonical\" href=\"https:\/\/warex.cz\/de\/stahlkonstruktionen\/verwaltungsgebaeude\/\" \/>\n<meta property=\"og:locale\" content=\"de_DE\" \/>\n<meta property=\"og:type\" content=\"article\" \/>\n<meta property=\"og:title\" content=\"Warex - Verwaltungsgeb\u00e4ude\" \/>\n<meta property=\"og:description\" content=\"Diese Konstruktionsart findet sich in vielen Bauten f\u00fcr st\u00e4dtische Einrichtungen, Sporthallen, Kinderg\u00e4rten, Ausstellungsfl\u00e4chen von Gesch\u00e4ften und B\u00fcrogeb\u00e4uden.\" \/>\n<meta property=\"og:url\" content=\"https:\/\/warex.cz\/de\/stahlkonstruktionen\/verwaltungsgebaeude\/\" \/>\n<meta property=\"og:site_name\" content=\"Warex\" \/>\n<meta property=\"article:publisher\" content=\"https:\/\/www.facebook.com\/WarexCzech\/notifications\/\" \/>\n<meta property=\"article:modified_time\" content=\"2020-04-10T13:48:48+00:00\" \/>\n<meta property=\"og:image\" content=\"https:\/\/warex.cz\/app\/uploads\/2020\/02\/brodek-a-moratop-054.jpg\" \/>\n\t<meta property=\"og:image:width\" content=\"960\" \/>\n\t<meta property=\"og:image:height\" content=\"638\" \/>\n\t<meta property=\"og:image:type\" content=\"image\/jpeg\" \/>\n<meta name=\"twitter:card\" content=\"summary_large_image\" \/>\n<script type=\"application\/ld+json\" class=\"yoast-schema-graph\">{\"@context\":\"https:\/\/schema.org\",\"@graph\":[{\"@type\":\"WebPage\",\"@id\":\"https:\/\/warex.cz\/de\/stahlkonstruktionen\/verwaltungsgebaeude\/\",\"url\":\"https:\/\/warex.cz\/de\/stahlkonstruktionen\/verwaltungsgebaeude\/\",\"name\":\"Warex - Verwaltungsgeb\u00e4ude\",\"isPartOf\":{\"@id\":\"https:\/\/warex.cz\/de\/#website\"},\"primaryImageOfPage\":{\"@id\":\"https:\/\/warex.cz\/de\/stahlkonstruktionen\/verwaltungsgebaeude\/#primaryimage\"},\"image\":{\"@id\":\"https:\/\/warex.cz\/de\/stahlkonstruktionen\/verwaltungsgebaeude\/#primaryimage\"},\"thumbnailUrl\":\"https:\/\/warex.cz\/app\/uploads\/2020\/02\/brodek-a-moratop-054.jpg\",\"datePublished\":\"2020-03-03T10:06:32+00:00\",\"dateModified\":\"2020-04-10T13:48:48+00:00\",\"description\":\"Diese Konstruktionsart findet sich in vielen Bauten f\u00fcr st\u00e4dtische Einrichtungen, Sporthallen, Kinderg\u00e4rten, Ausstellungsfl\u00e4chen von Gesch\u00e4ften und B\u00fcrogeb\u00e4uden.\",\"breadcrumb\":{\"@id\":\"https:\/\/warex.cz\/de\/stahlkonstruktionen\/verwaltungsgebaeude\/#breadcrumb\"},\"inLanguage\":\"de\",\"potentialAction\":[{\"@type\":\"ReadAction\",\"target\":[\"https:\/\/warex.cz\/de\/stahlkonstruktionen\/verwaltungsgebaeude\/\"]}]},{\"@type\":\"ImageObject\",\"inLanguage\":\"de\",\"@id\":\"https:\/\/warex.cz\/de\/stahlkonstruktionen\/verwaltungsgebaeude\/#primaryimage\",\"url\":\"https:\/\/warex.cz\/app\/uploads\/2020\/02\/brodek-a-moratop-054.jpg\",\"contentUrl\":\"https:\/\/warex.cz\/app\/uploads\/2020\/02\/brodek-a-moratop-054.jpg\",\"width\":960,\"height\":638,\"caption\":\"Warex - Ocelov\u00e9 konstrukce\"},{\"@type\":\"BreadcrumbList\",\"@id\":\"https:\/\/warex.cz\/de\/stahlkonstruktionen\/verwaltungsgebaeude\/#breadcrumb\",\"itemListElement\":[{\"@type\":\"ListItem\",\"position\":1,\"name\":\"Home\",\"item\":\"https:\/\/warex.cz\/de\/\"},{\"@type\":\"ListItem\",\"position\":2,\"name\":\"Stahlkonstruktionen\",\"item\":\"https:\/\/warex.cz\/de\/stahlkonstruktionen\/\"},{\"@type\":\"ListItem\",\"position\":3,\"name\":\"Verwaltungsgeb\u00e4ude\"}]},{\"@type\":\"WebSite\",\"@id\":\"https:\/\/warex.cz\/de\/#website\",\"url\":\"https:\/\/warex.cz\/de\/\",\"name\":\"Warex\",\"description\":\"Web spole\u010dnosti Warex\",\"potentialAction\":[{\"@type\":\"SearchAction\",\"target\":{\"@type\":\"EntryPoint\",\"urlTemplate\":\"https:\/\/warex.cz\/de\/?s={search_term_string}\"},\"query-input\":{\"@type\":\"PropertyValueSpecification\",\"valueRequired\":true,\"valueName\":\"search_term_string\"}}],\"inLanguage\":\"de\"}]}<\/script>\n<!-- \/ Yoast SEO plugin. -->","yoast_head_json":{"title":"Warex - Verwaltungsgeb\u00e4ude","description":"Diese Konstruktionsart findet sich in vielen Bauten f\u00fcr st\u00e4dtische Einrichtungen, Sporthallen, Kinderg\u00e4rten, Ausstellungsfl\u00e4chen von Gesch\u00e4ften und B\u00fcrogeb\u00e4uden.","robots":{"index":"index","follow":"follow","max-snippet":"max-snippet:-1","max-image-preview":"max-image-preview:large","max-video-preview":"max-video-preview:-1"},"canonical":"https:\/\/warex.cz\/de\/stahlkonstruktionen\/verwaltungsgebaeude\/","og_locale":"de_DE","og_type":"article","og_title":"Warex - Verwaltungsgeb\u00e4ude","og_description":"Diese Konstruktionsart findet sich in vielen Bauten f\u00fcr st\u00e4dtische Einrichtungen, Sporthallen, Kinderg\u00e4rten, Ausstellungsfl\u00e4chen von Gesch\u00e4ften und B\u00fcrogeb\u00e4uden.","og_url":"https:\/\/warex.cz\/de\/stahlkonstruktionen\/verwaltungsgebaeude\/","og_site_name":"Warex","article_publisher":"https:\/\/www.facebook.com\/WarexCzech\/notifications\/","article_modified_time":"2020-04-10T13:48:48+00:00","og_image":[{"width":960,"height":638,"url":"https:\/\/warex.cz\/app\/uploads\/2020\/02\/brodek-a-moratop-054.jpg","type":"image\/jpeg"}],"twitter_card":"summary_large_image","schema":{"@context":"https:\/\/schema.org","@graph":[{"@type":"WebPage","@id":"https:\/\/warex.cz\/de\/stahlkonstruktionen\/verwaltungsgebaeude\/","url":"https:\/\/warex.cz\/de\/stahlkonstruktionen\/verwaltungsgebaeude\/","name":"Warex - Verwaltungsgeb\u00e4ude","isPartOf":{"@id":"https:\/\/warex.cz\/de\/#website"},"primaryImageOfPage":{"@id":"https:\/\/warex.cz\/de\/stahlkonstruktionen\/verwaltungsgebaeude\/#primaryimage"},"image":{"@id":"https:\/\/warex.cz\/de\/stahlkonstruktionen\/verwaltungsgebaeude\/#primaryimage"},"thumbnailUrl":"https:\/\/warex.cz\/app\/uploads\/2020\/02\/brodek-a-moratop-054.jpg","datePublished":"2020-03-03T10:06:32+00:00","dateModified":"2020-04-10T13:48:48+00:00","description":"Diese Konstruktionsart findet sich in vielen Bauten f\u00fcr st\u00e4dtische Einrichtungen, Sporthallen, Kinderg\u00e4rten, Ausstellungsfl\u00e4chen von Gesch\u00e4ften und B\u00fcrogeb\u00e4uden.","breadcrumb":{"@id":"https:\/\/warex.cz\/de\/stahlkonstruktionen\/verwaltungsgebaeude\/#breadcrumb"},"inLanguage":"de","potentialAction":[{"@type":"ReadAction","target":["https:\/\/warex.cz\/de\/stahlkonstruktionen\/verwaltungsgebaeude\/"]}]},{"@type":"ImageObject","inLanguage":"de","@id":"https:\/\/warex.cz\/de\/stahlkonstruktionen\/verwaltungsgebaeude\/#primaryimage","url":"https:\/\/warex.cz\/app\/uploads\/2020\/02\/brodek-a-moratop-054.jpg","contentUrl":"https:\/\/warex.cz\/app\/uploads\/2020\/02\/brodek-a-moratop-054.jpg","width":960,"height":638,"caption":"Warex - Ocelov\u00e9 konstrukce"},{"@type":"BreadcrumbList","@id":"https:\/\/warex.cz\/de\/stahlkonstruktionen\/verwaltungsgebaeude\/#breadcrumb","itemListElement":[{"@type":"ListItem","position":1,"name":"Home","item":"https:\/\/warex.cz\/de\/"},{"@type":"ListItem","position":2,"name":"Stahlkonstruktionen","item":"https:\/\/warex.cz\/de\/stahlkonstruktionen\/"},{"@type":"ListItem","position":3,"name":"Verwaltungsgeb\u00e4ude"}]},{"@type":"WebSite","@id":"https:\/\/warex.cz\/de\/#website","url":"https:\/\/warex.cz\/de\/","name":"Warex","description":"Web spole\u010dnosti Warex","potentialAction":[{"@type":"SearchAction","target":{"@type":"EntryPoint","urlTemplate":"https:\/\/warex.cz\/de\/?s={search_term_string}"},"query-input":{"@type":"PropertyValueSpecification","valueRequired":true,"valueName":"search_term_string"}}],"inLanguage":"de"}]}},"_links":{"self":[{"href":"https:\/\/warex.cz\/de\/wp-json\/wp\/v2\/pages\/1724","targetHints":{"allow":["GET"]}}],"collection":[{"href":"https:\/\/warex.cz\/de\/wp-json\/wp\/v2\/pages"}],"about":[{"href":"https:\/\/warex.cz\/de\/wp-json\/wp\/v2\/types\/page"}],"author":[{"embeddable":true,"href":"https:\/\/warex.cz\/de\/wp-json\/wp\/v2\/users\/2"}],"replies":[{"embeddable":true,"href":"https:\/\/warex.cz\/de\/wp-json\/wp\/v2\/comments?post=1724"}],"version-history":[{"count":6,"href":"https:\/\/warex.cz\/de\/wp-json\/wp\/v2\/pages\/1724\/revisions"}],"predecessor-version":[{"id":2622,"href":"https:\/\/warex.cz\/de\/wp-json\/wp\/v2\/pages\/1724\/revisions\/2622"}],"up":[{"embeddable":true,"href":"https:\/\/warex.cz\/de\/wp-json\/wp\/v2\/pages\/869"}],"wp:featuredmedia":[{"embeddable":true,"href":"https:\/\/warex.cz\/de\/wp-json\/wp\/v2\/media\/467"}],"wp:attachment":[{"href":"https:\/\/warex.cz\/de\/wp-json\/wp\/v2\/media?parent=1724"}],"curies":[{"name":"wp","href":"https:\/\/api.w.org\/{rel}","templated":true}]}}