{"id":1730,"date":"2020-03-03T10:19:58","date_gmt":"2020-03-03T10:19:58","guid":{"rendered":"https:\/\/warex.cz\/?page_id=1730"},"modified":"2021-01-14T14:13:52","modified_gmt":"2021-01-14T13:13:52","slug":"schweissteile","status":"publish","type":"page","link":"https:\/\/warex.cz\/de\/stahlkonstruktionen\/schweissteile\/","title":{"rendered":"Schwei\u00dfteile"},"content":{"rendered":"","protected":false},"excerpt":{"rendered":"","protected":false},"author":2,"featured_media":1686,"parent":869,"menu_order":0,"comment_status":"closed","ping_status":"closed","template":"views\/template-modular.blade.php","meta":{"_acf_changed":false,"footnotes":""},"class_list":["post-1730","page","type-page","status-publish","has-post-thumbnail","hentry"],"acf":[],"yoast_head":"<!-- This site is optimized with the Yoast SEO plugin v26.9 - https:\/\/yoast.com\/product\/yoast-seo-wordpress\/ -->\n<title>Warex - Schwei\u00dfteile<\/title>\n<meta name=\"description\" content=\"Wir produzieren leichte und schwere Schwei\u00dfteile. Meist geht es dabei um Produkte f\u00fcr den Bergbau und die Abbauindustrie, F\u00f6rdertechnik oder Landwirtschaft.\" \/>\n<meta name=\"robots\" content=\"index, follow, max-snippet:-1, max-image-preview:large, max-video-preview:-1\" \/>\n<link rel=\"canonical\" href=\"https:\/\/warex.cz\/de\/stahlkonstruktionen\/schweissteile\/\" \/>\n<meta property=\"og:locale\" content=\"de_DE\" \/>\n<meta property=\"og:type\" content=\"article\" \/>\n<meta property=\"og:title\" content=\"Warex - Schwei\u00dfteile\" \/>\n<meta property=\"og:description\" content=\"Wir produzieren leichte und schwere Schwei\u00dfteile. Meist geht es dabei um Produkte f\u00fcr den Bergbau und die Abbauindustrie, F\u00f6rdertechnik oder Landwirtschaft.\" \/>\n<meta property=\"og:url\" content=\"https:\/\/warex.cz\/de\/stahlkonstruktionen\/schweissteile\/\" \/>\n<meta property=\"og:site_name\" content=\"Warex\" \/>\n<meta property=\"article:publisher\" content=\"https:\/\/www.facebook.com\/WarexCzech\/notifications\/\" \/>\n<meta property=\"article:modified_time\" content=\"2021-01-14T13:13:52+00:00\" \/>\n<meta property=\"og:image\" content=\"https:\/\/warex.cz\/app\/uploads\/2020\/02\/DSC06523.jpg\" \/>\n\t<meta property=\"og:image:width\" content=\"1024\" \/>\n\t<meta property=\"og:image:height\" content=\"768\" \/>\n\t<meta property=\"og:image:type\" content=\"image\/jpeg\" \/>\n<meta name=\"twitter:card\" content=\"summary_large_image\" \/>\n<script type=\"application\/ld+json\" class=\"yoast-schema-graph\">{\"@context\":\"https:\/\/schema.org\",\"@graph\":[{\"@type\":\"WebPage\",\"@id\":\"https:\/\/warex.cz\/de\/stahlkonstruktionen\/schweissteile\/\",\"url\":\"https:\/\/warex.cz\/de\/stahlkonstruktionen\/schweissteile\/\",\"name\":\"Warex - Schwei\u00dfteile\",\"isPartOf\":{\"@id\":\"https:\/\/warex.cz\/de\/#website\"},\"primaryImageOfPage\":{\"@id\":\"https:\/\/warex.cz\/de\/stahlkonstruktionen\/schweissteile\/#primaryimage\"},\"image\":{\"@id\":\"https:\/\/warex.cz\/de\/stahlkonstruktionen\/schweissteile\/#primaryimage\"},\"thumbnailUrl\":\"https:\/\/warex.cz\/app\/uploads\/2020\/02\/DSC06523.jpg\",\"datePublished\":\"2020-03-03T10:19:58+00:00\",\"dateModified\":\"2021-01-14T13:13:52+00:00\",\"description\":\"Wir produzieren leichte und schwere Schwei\u00dfteile. Meist geht es dabei um Produkte f\u00fcr den Bergbau und die Abbauindustrie, F\u00f6rdertechnik oder Landwirtschaft.\",\"breadcrumb\":{\"@id\":\"https:\/\/warex.cz\/de\/stahlkonstruktionen\/schweissteile\/#breadcrumb\"},\"inLanguage\":\"de\",\"potentialAction\":[{\"@type\":\"ReadAction\",\"target\":[\"https:\/\/warex.cz\/de\/stahlkonstruktionen\/schweissteile\/\"]}]},{\"@type\":\"ImageObject\",\"inLanguage\":\"de\",\"@id\":\"https:\/\/warex.cz\/de\/stahlkonstruktionen\/schweissteile\/#primaryimage\",\"url\":\"https:\/\/warex.cz\/app\/uploads\/2020\/02\/DSC06523.jpg\",\"contentUrl\":\"https:\/\/warex.cz\/app\/uploads\/2020\/02\/DSC06523.jpg\",\"width\":1024,\"height\":768,\"caption\":\"Warex - Ocelov\u00e9 konstrukce - Sva\u0159ence\"},{\"@type\":\"BreadcrumbList\",\"@id\":\"https:\/\/warex.cz\/de\/stahlkonstruktionen\/schweissteile\/#breadcrumb\",\"itemListElement\":[{\"@type\":\"ListItem\",\"position\":1,\"name\":\"Home\",\"item\":\"https:\/\/warex.cz\/de\/\"},{\"@type\":\"ListItem\",\"position\":2,\"name\":\"Stahlkonstruktionen\",\"item\":\"https:\/\/warex.cz\/de\/stahlkonstruktionen\/\"},{\"@type\":\"ListItem\",\"position\":3,\"name\":\"Schwei\u00dfteile\"}]},{\"@type\":\"WebSite\",\"@id\":\"https:\/\/warex.cz\/de\/#website\",\"url\":\"https:\/\/warex.cz\/de\/\",\"name\":\"Warex\",\"description\":\"Web spole\u010dnosti Warex\",\"potentialAction\":[{\"@type\":\"SearchAction\",\"target\":{\"@type\":\"EntryPoint\",\"urlTemplate\":\"https:\/\/warex.cz\/de\/?s={search_term_string}\"},\"query-input\":{\"@type\":\"PropertyValueSpecification\",\"valueRequired\":true,\"valueName\":\"search_term_string\"}}],\"inLanguage\":\"de\"}]}<\/script>\n<!-- \/ Yoast SEO plugin. -->","yoast_head_json":{"title":"Warex - Schwei\u00dfteile","description":"Wir produzieren leichte und schwere Schwei\u00dfteile. Meist geht es dabei um Produkte f\u00fcr den Bergbau und die Abbauindustrie, F\u00f6rdertechnik oder Landwirtschaft.","robots":{"index":"index","follow":"follow","max-snippet":"max-snippet:-1","max-image-preview":"max-image-preview:large","max-video-preview":"max-video-preview:-1"},"canonical":"https:\/\/warex.cz\/de\/stahlkonstruktionen\/schweissteile\/","og_locale":"de_DE","og_type":"article","og_title":"Warex - Schwei\u00dfteile","og_description":"Wir produzieren leichte und schwere Schwei\u00dfteile. Meist geht es dabei um Produkte f\u00fcr den Bergbau und die Abbauindustrie, F\u00f6rdertechnik oder Landwirtschaft.","og_url":"https:\/\/warex.cz\/de\/stahlkonstruktionen\/schweissteile\/","og_site_name":"Warex","article_publisher":"https:\/\/www.facebook.com\/WarexCzech\/notifications\/","article_modified_time":"2021-01-14T13:13:52+00:00","og_image":[{"width":1024,"height":768,"url":"https:\/\/warex.cz\/app\/uploads\/2020\/02\/DSC06523.jpg","type":"image\/jpeg"}],"twitter_card":"summary_large_image","schema":{"@context":"https:\/\/schema.org","@graph":[{"@type":"WebPage","@id":"https:\/\/warex.cz\/de\/stahlkonstruktionen\/schweissteile\/","url":"https:\/\/warex.cz\/de\/stahlkonstruktionen\/schweissteile\/","name":"Warex - Schwei\u00dfteile","isPartOf":{"@id":"https:\/\/warex.cz\/de\/#website"},"primaryImageOfPage":{"@id":"https:\/\/warex.cz\/de\/stahlkonstruktionen\/schweissteile\/#primaryimage"},"image":{"@id":"https:\/\/warex.cz\/de\/stahlkonstruktionen\/schweissteile\/#primaryimage"},"thumbnailUrl":"https:\/\/warex.cz\/app\/uploads\/2020\/02\/DSC06523.jpg","datePublished":"2020-03-03T10:19:58+00:00","dateModified":"2021-01-14T13:13:52+00:00","description":"Wir produzieren leichte und schwere Schwei\u00dfteile. Meist geht es dabei um Produkte f\u00fcr den Bergbau und die Abbauindustrie, F\u00f6rdertechnik oder Landwirtschaft.","breadcrumb":{"@id":"https:\/\/warex.cz\/de\/stahlkonstruktionen\/schweissteile\/#breadcrumb"},"inLanguage":"de","potentialAction":[{"@type":"ReadAction","target":["https:\/\/warex.cz\/de\/stahlkonstruktionen\/schweissteile\/"]}]},{"@type":"ImageObject","inLanguage":"de","@id":"https:\/\/warex.cz\/de\/stahlkonstruktionen\/schweissteile\/#primaryimage","url":"https:\/\/warex.cz\/app\/uploads\/2020\/02\/DSC06523.jpg","contentUrl":"https:\/\/warex.cz\/app\/uploads\/2020\/02\/DSC06523.jpg","width":1024,"height":768,"caption":"Warex - Ocelov\u00e9 konstrukce - Sva\u0159ence"},{"@type":"BreadcrumbList","@id":"https:\/\/warex.cz\/de\/stahlkonstruktionen\/schweissteile\/#breadcrumb","itemListElement":[{"@type":"ListItem","position":1,"name":"Home","item":"https:\/\/warex.cz\/de\/"},{"@type":"ListItem","position":2,"name":"Stahlkonstruktionen","item":"https:\/\/warex.cz\/de\/stahlkonstruktionen\/"},{"@type":"ListItem","position":3,"name":"Schwei\u00dfteile"}]},{"@type":"WebSite","@id":"https:\/\/warex.cz\/de\/#website","url":"https:\/\/warex.cz\/de\/","name":"Warex","description":"Web spole\u010dnosti Warex","potentialAction":[{"@type":"SearchAction","target":{"@type":"EntryPoint","urlTemplate":"https:\/\/warex.cz\/de\/?s={search_term_string}"},"query-input":{"@type":"PropertyValueSpecification","valueRequired":true,"valueName":"search_term_string"}}],"inLanguage":"de"}]}},"_links":{"self":[{"href":"https:\/\/warex.cz\/de\/wp-json\/wp\/v2\/pages\/1730","targetHints":{"allow":["GET"]}}],"collection":[{"href":"https:\/\/warex.cz\/de\/wp-json\/wp\/v2\/pages"}],"about":[{"href":"https:\/\/warex.cz\/de\/wp-json\/wp\/v2\/types\/page"}],"author":[{"embeddable":true,"href":"https:\/\/warex.cz\/de\/wp-json\/wp\/v2\/users\/2"}],"replies":[{"embeddable":true,"href":"https:\/\/warex.cz\/de\/wp-json\/wp\/v2\/comments?post=1730"}],"version-history":[{"count":7,"href":"https:\/\/warex.cz\/de\/wp-json\/wp\/v2\/pages\/1730\/revisions"}],"predecessor-version":[{"id":4737,"href":"https:\/\/warex.cz\/de\/wp-json\/wp\/v2\/pages\/1730\/revisions\/4737"}],"up":[{"embeddable":true,"href":"https:\/\/warex.cz\/de\/wp-json\/wp\/v2\/pages\/869"}],"wp:featuredmedia":[{"embeddable":true,"href":"https:\/\/warex.cz\/de\/wp-json\/wp\/v2\/media\/1686"}],"wp:attachment":[{"href":"https:\/\/warex.cz\/de\/wp-json\/wp\/v2\/media?parent=1730"}],"curies":[{"name":"wp","href":"https:\/\/api.w.org\/{rel}","templated":true}]}}