{"id":18663,"date":"2025-11-04T18:59:52","date_gmt":"2025-11-04T17:59:52","guid":{"rendered":"https:\/\/warex.cz\/?page_id=18663"},"modified":"2025-11-04T18:59:53","modified_gmt":"2025-11-04T17:59:53","slug":"wohnhaeuser","status":"publish","type":"page","link":"https:\/\/warex.cz\/de\/wohnhaeuser\/","title":{"rendered":"Wohnh\u00e4user"},"content":{"rendered":"\n<p><strong><mark style=\"background-color:rgba(0, 0, 0, 0)\" class=\"has-inline-color has-luminous-vivid-orange-color\">Modulare Wohnh\u00e4user f\u00fcr Gemeinden \u2013 eine moderne L\u00f6sung f\u00fcr die Wohnraumsituation und die Entwicklung der Region<\/mark><\/strong><\/p>\n\n\n\n<p>Der Mangel an verf\u00fcgbarem Wohnraum ist ein h\u00e4ufiges Problem vieler Gemeinden. Unsere Modulwohnh\u00e4user sind eine schnelle, hochwertige und kosteng\u00fcnstige L\u00f6sung, die die Wohnsituation der Einwohner verbessert und die Entwicklung Ihrer Gemeinde f\u00f6rdert. Wir bieten modulare Wohnh\u00e4user in Ausf\u00fchrungen von einst\u00f6ckigen bis zu vierst\u00f6ckigen Geb\u00e4uden an, mit einer Auswahl an Wohnungsgrundrissen von gem\u00fctlichen 1+kk bis zu ger\u00e4umigen 3+kk. Jede Wohnung ist komplett ausgestattet \u2013 mit einer modernen K\u00fcchenzeile, kompletter Sanit\u00e4rausstattung, Heizung, W\u00e4rmer\u00fcckgewinnung und gro\u00dfen Fenstern, die f\u00fcr ein Maximum an Tageslicht sorgen.<\/p>\n\n\n\n<p><strong><mark style=\"background-color:rgba(0, 0, 0, 0)\" class=\"has-inline-color has-vivid-cyan-blue-color\">Vorteile unseres Angebots<\/mark><\/strong><\/p>\n\n\n\n<ul class=\"wp-block-list\">\n<li><strong>Hohe Ausf\u00fchrungsqualit\u00e4t<\/strong> der Modulh\u00e4user<\/li>\n\n\n\n<li><strong>Perfekte W\u00e4rmed\u00e4mmung<\/strong> &#8211; Energieeffizienzklasse B<br>(sehr energiesparendes Geb\u00e4ude)<\/li>\n\n\n\n<li><strong>Komplette schl\u00fcsselfertige Realisierung<\/strong> \u2013 vom Entwurf bis zur \u00dcbergabe des fertigen Hauses<\/li>\n\n\n\n<li><strong>Niedrige Baukosten <\/strong>\u00a0\u2013 im Vergleich zu traditionellen Bauverfahren<\/li>\n\n\n\n<li><strong>Schnelle Bauweise<\/strong> \u2013 neue Wohnungen k\u00f6nnen innerhalb weniger Monate bezugsfertig sein<\/li>\n<\/ul>\n\n\n\n<p><strong><mark style=\"background-color:rgba(0, 0, 0, 0)\" class=\"has-inline-color has-luminous-vivid-amber-color\">Hohe Ausf\u00fchrungsqualit\u00e4t<\/mark><\/strong><\/p>\n\n\n\n<p>Alle unsere Wohnh\u00e4user sind so konzipiert, dass sie den hohen Anforderungen an Komfort und Langlebigkeit gerecht werden. Badezimmer und Toiletten sind standardm\u00e4\u00dfig mit Fliesen und Kacheln ausgestattet, die K\u00fcchen sind sofort einsatzbereit und alle Wohnungen verf\u00fcgen \u00fcber ein effizientes Heizungs- und Bel\u00fcftungssystem.<\/p>\n\n\n\n<p><strong><mark style=\"background-color:rgba(0, 0, 0, 0)\" class=\"has-inline-color has-luminous-vivid-amber-color\">Perfekte W\u00e4rmed\u00e4mmung<\/mark><\/strong><\/p>\n\n\n\n<p>Dank der Verwendung moderner D\u00e4mmstoffe verf\u00fcgen unsere H\u00e4user \u00fcber hervorragende W\u00e4rmed\u00e4mmeigenschaften. Sie erf\u00fcllen die Klassifizierungsklasse B \u2013 sehr energiesparendes Geb\u00e4ude, was nicht nur geringere Betriebskosten, sondern auch eine geringere Belastung f\u00fcr die Umwelt bedeutet.<\/p>\n\n\n\n<p><strong><mark style=\"background-color:rgba(0, 0, 0, 0)\" class=\"has-inline-color has-luminous-vivid-amber-color\">Schl\u00fcsselfertige Bauweise<\/mark><\/strong><\/p>\n\n\n\n<p>Wir k\u00fcmmern uns um alles \u2013 von der Projektdokumentation \u00fcber die Einholung aller erforderlichen Genehmigungen bis hin zur kompletten Realisierung des Baus, einschlie\u00dflich der Fundamente. Dank der modularen Technologie verl\u00e4uft der Bau schnell und ohne unn\u00f6tige Verz\u00f6gerungen, sodass die Bewohner viel fr\u00fcher als bei herk\u00f6mmlichen Bauweisen in ihr neues Zuhause einziehen k\u00f6nnen.<\/p>\n\n\n\n<figure class=\"wp-block-gallery has-nested-images columns-default is-cropped wp-block-gallery-1 is-layout-flex wp-block-gallery-is-layout-flex\">\n<figure class=\"wp-block-image size-large\"><img loading=\"lazy\" decoding=\"async\" width=\"1024\" height=\"576\" data-id=\"18329\" src=\"https:\/\/warex.cz\/app\/uploads\/2025\/08\/dum1-1024x576.jpg\" alt=\"\" class=\"wp-image-18329\" srcset=\"https:\/\/warex.cz\/app\/uploads\/2025\/08\/dum1-1024x576.jpg 1024w, https:\/\/warex.cz\/app\/uploads\/2025\/08\/dum1-300x169.jpg 300w, https:\/\/warex.cz\/app\/uploads\/2025\/08\/dum1-768x432.jpg 768w, https:\/\/warex.cz\/app\/uploads\/2025\/08\/dum1-1536x864.jpg 1536w, https:\/\/warex.cz\/app\/uploads\/2025\/08\/dum1-2048x1152.jpg 2048w, https:\/\/warex.cz\/app\/uploads\/2025\/08\/dum1-1320x743.jpg 1320w\" sizes=\"auto, (max-width: 1024px) 100vw, 1024px\" \/><\/figure>\n\n\n\n<figure class=\"wp-block-image size-large\"><img loading=\"lazy\" decoding=\"async\" width=\"1024\" height=\"576\" data-id=\"18325\" src=\"https:\/\/warex.cz\/app\/uploads\/2025\/08\/dum3-1024x576.jpg\" alt=\"\" class=\"wp-image-18325\" srcset=\"https:\/\/warex.cz\/app\/uploads\/2025\/08\/dum3-1024x576.jpg 1024w, https:\/\/warex.cz\/app\/uploads\/2025\/08\/dum3-300x169.jpg 300w, https:\/\/warex.cz\/app\/uploads\/2025\/08\/dum3-768x432.jpg 768w, https:\/\/warex.cz\/app\/uploads\/2025\/08\/dum3-1536x864.jpg 1536w, https:\/\/warex.cz\/app\/uploads\/2025\/08\/dum3-2048x1152.jpg 2048w, https:\/\/warex.cz\/app\/uploads\/2025\/08\/dum3-1320x743.jpg 1320w\" sizes=\"auto, (max-width: 1024px) 100vw, 1024px\" \/><\/figure>\n\n\n\n<figure class=\"wp-block-image size-large\"><img loading=\"lazy\" decoding=\"async\" width=\"1024\" height=\"576\" data-id=\"18321\" src=\"https:\/\/warex.cz\/app\/uploads\/2025\/08\/dum4-1024x576.jpg\" alt=\"\" class=\"wp-image-18321\" srcset=\"https:\/\/warex.cz\/app\/uploads\/2025\/08\/dum4-1024x576.jpg 1024w, https:\/\/warex.cz\/app\/uploads\/2025\/08\/dum4-300x169.jpg 300w, https:\/\/warex.cz\/app\/uploads\/2025\/08\/dum4-768x432.jpg 768w, https:\/\/warex.cz\/app\/uploads\/2025\/08\/dum4-1536x864.jpg 1536w, https:\/\/warex.cz\/app\/uploads\/2025\/08\/dum4-2048x1152.jpg 2048w, https:\/\/warex.cz\/app\/uploads\/2025\/08\/dum4-1320x743.jpg 1320w\" sizes=\"auto, (max-width: 1024px) 100vw, 1024px\" \/><\/figure>\n\n\n\n<figure class=\"wp-block-image size-large\"><img loading=\"lazy\" decoding=\"async\" width=\"859\" height=\"482\" data-id=\"18317\" src=\"https:\/\/warex.cz\/app\/uploads\/2025\/08\/byt-bytovy-dum.png\" alt=\"\" class=\"wp-image-18317\" srcset=\"https:\/\/warex.cz\/app\/uploads\/2025\/08\/byt-bytovy-dum.png 859w, https:\/\/warex.cz\/app\/uploads\/2025\/08\/byt-bytovy-dum-300x168.png 300w, https:\/\/warex.cz\/app\/uploads\/2025\/08\/byt-bytovy-dum-768x431.png 768w\" sizes=\"auto, (max-width: 859px) 100vw, 859px\" \/><\/figure>\n\n\n\n<figure class=\"wp-block-image size-large\"><img loading=\"lazy\" decoding=\"async\" width=\"859\" height=\"486\" data-id=\"18313\" src=\"https:\/\/warex.cz\/app\/uploads\/2025\/08\/bytovy-dum-2.png\" alt=\"\" class=\"wp-image-18313\" srcset=\"https:\/\/warex.cz\/app\/uploads\/2025\/08\/bytovy-dum-2.png 859w, https:\/\/warex.cz\/app\/uploads\/2025\/08\/bytovy-dum-2-300x170.png 300w, https:\/\/warex.cz\/app\/uploads\/2025\/08\/bytovy-dum-2-768x435.png 768w\" sizes=\"auto, (max-width: 859px) 100vw, 859px\" \/><\/figure>\n\n\n\n<figure class=\"wp-block-image size-large\"><img loading=\"lazy\" decoding=\"async\" width=\"858\" height=\"654\" data-id=\"18309\" src=\"https:\/\/warex.cz\/app\/uploads\/2025\/08\/bytovy-dum-pohled-byt.png\" alt=\"\" class=\"wp-image-18309\" srcset=\"https:\/\/warex.cz\/app\/uploads\/2025\/08\/bytovy-dum-pohled-byt.png 858w, https:\/\/warex.cz\/app\/uploads\/2025\/08\/bytovy-dum-pohled-byt-300x229.png 300w, https:\/\/warex.cz\/app\/uploads\/2025\/08\/bytovy-dum-pohled-byt-768x585.png 768w\" sizes=\"auto, (max-width: 858px) 100vw, 858px\" \/><\/figure>\n<\/figure>\n","protected":false},"excerpt":{"rendered":"<p>Modulare Wohnh\u00e4user f\u00fcr Gemeinden \u2013 eine moderne L\u00f6sung f\u00fcr die Wohnraumsituation und die Entwicklung der Region Der Mangel an verf\u00fcgbarem Wohnraum ist ein h\u00e4ufiges Problem vieler Gemeinden. Unsere Modulwohnh\u00e4user sind eine schnelle, hochwertige und kosteng\u00fcnstige L\u00f6sung, die die Wohnsituation der Einwohner verbessert und die Entwicklung Ihrer Gemeinde f\u00f6rdert. Wir bieten modulare Wohnh\u00e4user in Ausf\u00fchrungen von &hellip; <a href=\"https:\/\/warex.cz\/de\/wohnhaeuser\/\">Continued<\/a><\/p>\n","protected":false},"author":13,"featured_media":0,"parent":0,"menu_order":0,"comment_status":"closed","ping_status":"closed","template":"","meta":{"_acf_changed":false,"footnotes":""},"class_list":["post-18663","page","type-page","status-publish","hentry"],"acf":[],"yoast_head":"<!-- This site is optimized with the Yoast SEO plugin v26.9 - https:\/\/yoast.com\/product\/yoast-seo-wordpress\/ -->\n<title>Wohnh\u00e4user - Wohnh\u00e4user<\/title>\n<meta name=\"description\" content=\"Modulare Wohnh\u00e4user f\u00fcr Gemeinden \u2013 eine moderne L\u00f6sung f\u00fcr die Wohnraumsituation und die Entwicklung der Region.\" \/>\n<meta name=\"robots\" content=\"index, follow, max-snippet:-1, max-image-preview:large, max-video-preview:-1\" \/>\n<link rel=\"canonical\" href=\"https:\/\/warex.cz\/de\/wohnhaeuser\/\" \/>\n<meta property=\"og:locale\" content=\"de_DE\" \/>\n<meta property=\"og:type\" content=\"article\" \/>\n<meta property=\"og:title\" content=\"Wohnh\u00e4user - Wohnh\u00e4user\" \/>\n<meta property=\"og:description\" content=\"Modulare Wohnh\u00e4user f\u00fcr Gemeinden \u2013 eine moderne L\u00f6sung f\u00fcr die Wohnraumsituation und die Entwicklung der Region.\" \/>\n<meta property=\"og:url\" content=\"https:\/\/warex.cz\/de\/wohnhaeuser\/\" \/>\n<meta property=\"og:site_name\" content=\"Warex\" \/>\n<meta property=\"article:publisher\" content=\"https:\/\/www.facebook.com\/WarexCzech\/notifications\/\" \/>\n<meta property=\"article:modified_time\" content=\"2025-11-04T17:59:53+00:00\" \/>\n<meta property=\"og:image\" content=\"https:\/\/warex.cz\/app\/uploads\/2025\/08\/dum1-scaled.jpg\" \/>\n\t<meta property=\"og:image:width\" content=\"2560\" \/>\n\t<meta property=\"og:image:height\" content=\"1440\" \/>\n\t<meta property=\"og:image:type\" content=\"image\/jpeg\" \/>\n<meta name=\"twitter:card\" content=\"summary_large_image\" \/>\n<meta name=\"twitter:label1\" content=\"Gesch\u00e4tzte Lesezeit\" \/>\n\t<meta name=\"twitter:data1\" content=\"3\u00a0Minuten\" \/>\n<script type=\"application\/ld+json\" class=\"yoast-schema-graph\">{\"@context\":\"https:\/\/schema.org\",\"@graph\":[{\"@type\":\"WebPage\",\"@id\":\"https:\/\/warex.cz\/de\/wohnhaeuser\/\",\"url\":\"https:\/\/warex.cz\/de\/wohnhaeuser\/\",\"name\":\"Wohnh\u00e4user - Wohnh\u00e4user\",\"isPartOf\":{\"@id\":\"https:\/\/warex.cz\/de\/#website\"},\"primaryImageOfPage\":{\"@id\":\"https:\/\/warex.cz\/de\/wohnhaeuser\/#primaryimage\"},\"image\":{\"@id\":\"https:\/\/warex.cz\/de\/wohnhaeuser\/#primaryimage\"},\"thumbnailUrl\":\"https:\/\/warex.cz\/app\/uploads\/2025\/08\/dum1-1024x576.jpg\",\"datePublished\":\"2025-11-04T17:59:52+00:00\",\"dateModified\":\"2025-11-04T17:59:53+00:00\",\"description\":\"Modulare Wohnh\u00e4user f\u00fcr Gemeinden \u2013 eine moderne L\u00f6sung f\u00fcr die Wohnraumsituation und die Entwicklung der Region.\",\"breadcrumb\":{\"@id\":\"https:\/\/warex.cz\/de\/wohnhaeuser\/#breadcrumb\"},\"inLanguage\":\"de\",\"potentialAction\":[{\"@type\":\"ReadAction\",\"target\":[\"https:\/\/warex.cz\/de\/wohnhaeuser\/\"]}]},{\"@type\":\"ImageObject\",\"inLanguage\":\"de\",\"@id\":\"https:\/\/warex.cz\/de\/wohnhaeuser\/#primaryimage\",\"url\":\"https:\/\/warex.cz\/app\/uploads\/2025\/08\/dum1-1024x576.jpg\",\"contentUrl\":\"https:\/\/warex.cz\/app\/uploads\/2025\/08\/dum1-1024x576.jpg\"},{\"@type\":\"BreadcrumbList\",\"@id\":\"https:\/\/warex.cz\/de\/wohnhaeuser\/#breadcrumb\",\"itemListElement\":[{\"@type\":\"ListItem\",\"position\":1,\"name\":\"Home\",\"item\":\"https:\/\/warex.cz\/de\/\"},{\"@type\":\"ListItem\",\"position\":2,\"name\":\"Wohnh\u00e4user\"}]},{\"@type\":\"WebSite\",\"@id\":\"https:\/\/warex.cz\/de\/#website\",\"url\":\"https:\/\/warex.cz\/de\/\",\"name\":\"Warex\",\"description\":\"Web spole\u010dnosti Warex\",\"potentialAction\":[{\"@type\":\"SearchAction\",\"target\":{\"@type\":\"EntryPoint\",\"urlTemplate\":\"https:\/\/warex.cz\/de\/?s={search_term_string}\"},\"query-input\":{\"@type\":\"PropertyValueSpecification\",\"valueRequired\":true,\"valueName\":\"search_term_string\"}}],\"inLanguage\":\"de\"}]}<\/script>\n<!-- \/ Yoast SEO plugin. -->","yoast_head_json":{"title":"Wohnh\u00e4user - Wohnh\u00e4user","description":"Modulare Wohnh\u00e4user f\u00fcr Gemeinden \u2013 eine moderne L\u00f6sung f\u00fcr die Wohnraumsituation und die Entwicklung der Region.","robots":{"index":"index","follow":"follow","max-snippet":"max-snippet:-1","max-image-preview":"max-image-preview:large","max-video-preview":"max-video-preview:-1"},"canonical":"https:\/\/warex.cz\/de\/wohnhaeuser\/","og_locale":"de_DE","og_type":"article","og_title":"Wohnh\u00e4user - Wohnh\u00e4user","og_description":"Modulare Wohnh\u00e4user f\u00fcr Gemeinden \u2013 eine moderne L\u00f6sung f\u00fcr die Wohnraumsituation und die Entwicklung der Region.","og_url":"https:\/\/warex.cz\/de\/wohnhaeuser\/","og_site_name":"Warex","article_publisher":"https:\/\/www.facebook.com\/WarexCzech\/notifications\/","article_modified_time":"2025-11-04T17:59:53+00:00","og_image":[{"width":2560,"height":1440,"url":"https:\/\/warex.cz\/app\/uploads\/2025\/08\/dum1-scaled.jpg","type":"image\/jpeg"}],"twitter_card":"summary_large_image","twitter_misc":{"Gesch\u00e4tzte Lesezeit":"3\u00a0Minuten"},"schema":{"@context":"https:\/\/schema.org","@graph":[{"@type":"WebPage","@id":"https:\/\/warex.cz\/de\/wohnhaeuser\/","url":"https:\/\/warex.cz\/de\/wohnhaeuser\/","name":"Wohnh\u00e4user - Wohnh\u00e4user","isPartOf":{"@id":"https:\/\/warex.cz\/de\/#website"},"primaryImageOfPage":{"@id":"https:\/\/warex.cz\/de\/wohnhaeuser\/#primaryimage"},"image":{"@id":"https:\/\/warex.cz\/de\/wohnhaeuser\/#primaryimage"},"thumbnailUrl":"https:\/\/warex.cz\/app\/uploads\/2025\/08\/dum1-1024x576.jpg","datePublished":"2025-11-04T17:59:52+00:00","dateModified":"2025-11-04T17:59:53+00:00","description":"Modulare Wohnh\u00e4user f\u00fcr Gemeinden \u2013 eine moderne L\u00f6sung f\u00fcr die Wohnraumsituation und die Entwicklung der Region.","breadcrumb":{"@id":"https:\/\/warex.cz\/de\/wohnhaeuser\/#breadcrumb"},"inLanguage":"de","potentialAction":[{"@type":"ReadAction","target":["https:\/\/warex.cz\/de\/wohnhaeuser\/"]}]},{"@type":"ImageObject","inLanguage":"de","@id":"https:\/\/warex.cz\/de\/wohnhaeuser\/#primaryimage","url":"https:\/\/warex.cz\/app\/uploads\/2025\/08\/dum1-1024x576.jpg","contentUrl":"https:\/\/warex.cz\/app\/uploads\/2025\/08\/dum1-1024x576.jpg"},{"@type":"BreadcrumbList","@id":"https:\/\/warex.cz\/de\/wohnhaeuser\/#breadcrumb","itemListElement":[{"@type":"ListItem","position":1,"name":"Home","item":"https:\/\/warex.cz\/de\/"},{"@type":"ListItem","position":2,"name":"Wohnh\u00e4user"}]},{"@type":"WebSite","@id":"https:\/\/warex.cz\/de\/#website","url":"https:\/\/warex.cz\/de\/","name":"Warex","description":"Web spole\u010dnosti Warex","potentialAction":[{"@type":"SearchAction","target":{"@type":"EntryPoint","urlTemplate":"https:\/\/warex.cz\/de\/?s={search_term_string}"},"query-input":{"@type":"PropertyValueSpecification","valueRequired":true,"valueName":"search_term_string"}}],"inLanguage":"de"}]}},"_links":{"self":[{"href":"https:\/\/warex.cz\/de\/wp-json\/wp\/v2\/pages\/18663","targetHints":{"allow":["GET"]}}],"collection":[{"href":"https:\/\/warex.cz\/de\/wp-json\/wp\/v2\/pages"}],"about":[{"href":"https:\/\/warex.cz\/de\/wp-json\/wp\/v2\/types\/page"}],"author":[{"embeddable":true,"href":"https:\/\/warex.cz\/de\/wp-json\/wp\/v2\/users\/13"}],"replies":[{"embeddable":true,"href":"https:\/\/warex.cz\/de\/wp-json\/wp\/v2\/comments?post=18663"}],"version-history":[{"count":3,"href":"https:\/\/warex.cz\/de\/wp-json\/wp\/v2\/pages\/18663\/revisions"}],"predecessor-version":[{"id":18666,"href":"https:\/\/warex.cz\/de\/wp-json\/wp\/v2\/pages\/18663\/revisions\/18666"}],"wp:attachment":[{"href":"https:\/\/warex.cz\/de\/wp-json\/wp\/v2\/media?parent=18663"}],"curies":[{"name":"wp","href":"https:\/\/api.w.org\/{rel}","templated":true}]}}