{"id":7932,"date":"2022-02-21T08:58:01","date_gmt":"2022-02-21T07:58:01","guid":{"rendered":"https:\/\/warex.cz\/?page_id=7932"},"modified":"2025-12-03T10:22:55","modified_gmt":"2025-12-03T09:22:55","slug":"produktreihe-economy","status":"publish","type":"page","link":"https:\/\/warex.cz\/de\/produktreihe-economy\/","title":{"rendered":"WOHNCONTAINER SERIE BASIC TYP B1"},"content":{"rendered":"\n<figure class=\"wp-block-image size-large\"><img loading=\"lazy\" decoding=\"async\" width=\"1024\" height=\"813\" src=\"https:\/\/warex.cz\/app\/uploads\/2025\/03\/basic-1024x813.png\" alt=\"\" class=\"wp-image-17352\" srcset=\"https:\/\/warex.cz\/app\/uploads\/2025\/03\/basic-1024x813.png 1024w, https:\/\/warex.cz\/app\/uploads\/2025\/03\/basic-300x238.png 300w, https:\/\/warex.cz\/app\/uploads\/2025\/03\/basic-768x610.png 768w, https:\/\/warex.cz\/app\/uploads\/2025\/03\/basic-1320x1048.png 1320w, https:\/\/warex.cz\/app\/uploads\/2025\/03\/basic.png 1470w\" sizes=\"auto, (max-width: 1024px) 100vw, 1024px\" \/><\/figure>\n\n\n\n<div class=\"wp-block-columns is-layout-flex wp-container-core-columns-is-layout-9d6595d7 wp-block-columns-is-layout-flex\">\n<div class=\"wp-block-column is-layout-flow wp-block-column-is-layout-flow\">\n<p><strong>TECHNISCHE SPEZIFIKATION<\/strong><\/p>\n\n\n\n<p><strong>ABMESSUNGEN:<\/strong><strong><\/strong><\/p>\n\n\n\n<p>Au\u00dfen: &nbsp; L: 6.058 mm, B: 2.438 mm, H: 2.800 mm&nbsp;&nbsp;&nbsp;&nbsp;&nbsp;&nbsp;&nbsp;&nbsp;&nbsp;&nbsp;&nbsp; &nbsp; Au\u00dfen: &nbsp; L: 6.058 mm, B: 2.990 mm, H: 2.800 mm<\/p>\n\n\n\n<p>Innen: &nbsp; L: 5.866 mm, B: 2.246 mm, H: 2.500 mm&nbsp;&nbsp;&nbsp;&nbsp;&nbsp;&nbsp;&nbsp;&nbsp;&nbsp;&nbsp;&nbsp;&nbsp; &nbsp; Innen: &nbsp; L: 5.866 mm, B: 2.798 mm, H: 2.500 mm<\/p>\n\n\n\n<p><strong>Rahmen:<\/strong><strong> <\/strong>geschwei\u00dfter Stahlrahmen, stapelbar bis zu 3 Etagen (1+2), Dachwasserabl\u00e4ufe in Ecks\u00e4ulen versteckt.<\/p>\n\n\n\n<p><strong>BODEN: <\/strong>Aufbau (von au\u00dfen nach innen) &#8211; verzinktes Blech, D\u00e4mmung Mineralwolle 100 mm, \u03bb = 0,039 W\/mK, OSB 22 mm, grauer PVC-Bodenbelag 1,5 mm dick, W\u00e4rmedurchgangskoeffizient U = 0,34 W\/m<sup>2<\/sup>K.&nbsp;&nbsp;&nbsp;&nbsp;&nbsp;&nbsp;&nbsp;&nbsp;&nbsp;&nbsp;&nbsp;<\/p>\n\n\n\n<p><strong>W\u00c4NDE: <\/strong>wechselbare PIR-Paneele: au\u00dfen Profilblech, PIR-Schaum 60 mm, innen Glattblech wei\u00df, \u03bb = 0,022 W\/mK, W\u00e4rmedurchgangskoeffizient U = 0,37 W\/m<sup>2<\/sup>K.<\/p>\n\n\n\n<p><strong>DACH:<\/strong> Aufbau (von au\u00dfen nach innen) &#8211; verzinktes Trapezblech, D\u00e4mmung Mineralwolle 100 mm, \u03bb = 0,039 W\/mK, laminierte wei\u00dfe Spanplatte 12 mm, W\u00e4rmedurchgangskoeffizient U = 0,36 W\/m<sup>2<\/sup>K.<\/p>\n\n\n\n<p><strong>FENSTER: <\/strong>1 St\u00fcck Gr\u00f6\u00dfe 865 x 1115 mm, zum Dreh\/Kippen, Kunststoffrahmen wei\u00df, Doppelverglasung, W\u00e4rmedurchgangskoeffizient U = 1,2 W\/m<sup>2<\/sup>K<\/p>\n\n\n\n<p><strong>T\u00dcR: <\/strong>1 St\u00fcck Gr\u00f6\u00dfe 875 x 2000 mm, Typ ZK, beidseitig Glattblech, Farbe beidseitig RAL 7035.<\/p>\n\n\n\n<p><strong>FARBE:<\/strong> Standardfarbe RAL 7035, andere Farben gegen Aufpreis.<\/p>\n\n\n\n<p><strong>ELEKTRISCHE AUSR\u00dcSTUNG: <\/strong>2 St\u00fcck LED-Deckenpanel 1200 x 300 mm, 1 St\u00fcck Schalter, 2 St\u00fcck Steckdose, Elektroverteiler mit Schutzschaltern und FI-Schutzschalter, an der Vorderwand montiert, CEE Au\u00dfensteckdose und Stecker.<\/p>\n\n\n\n<p><strong>HEIZUNG:<\/strong> elektrischer Heizk\u00f6rper mit 2 kW Leistung, digital gesteuert.<\/p>\n<\/div>\n<\/div>\n\n\n\n<div class=\"wp-block-columns is-layout-flex wp-container-core-columns-is-layout-9d6595d7 wp-block-columns-is-layout-flex\">\n<div class=\"wp-block-column is-layout-flow wp-block-column-is-layout-flow\">\n<figure class=\"wp-block-image size-full\"><img loading=\"lazy\" decoding=\"async\" width=\"622\" height=\"144\" src=\"https:\/\/warex.cz\/app\/uploads\/2025\/03\/basic-vykres.png\" alt=\"\" class=\"wp-image-17321\" srcset=\"https:\/\/warex.cz\/app\/uploads\/2025\/03\/basic-vykres.png 622w, https:\/\/warex.cz\/app\/uploads\/2025\/03\/basic-vykres-300x69.png 300w\" sizes=\"auto, (max-width: 622px) 100vw, 622px\" \/><\/figure>\n<\/div>\n<\/div>\n\n\n\n<p><strong>PREIS: <\/strong>Die Preise sind ohne Mehrwertsteuer, EXW Produktionswerk WAREX Javornik, Tschechien. Die Preise sind mit Mengenrabatten festgelegt.<\/p>\n\n\n\n<p><strong>TRANSPORT: <\/strong>Vom Lieferanten oder Kunden bereitgestellt. Der Transport ist nicht im Preis des Produkts enthalten.<\/p>\n\n\n\n<p><strong>LIEFERTERMIN: <\/strong>2 Monate ab der verbindlichen Bestellung und der Zahlung der Anzahlung. Jede Woche 8 St\u00fcck (Lieferzeit kann je nach der Anzahl der Bestellungen aller Kunden variieren).<\/p>\n\n\n\n<p><strong>ZAHLUNGSKONDITIONEN: <\/strong>bei der Bestellung sind 50 % des Gesamtpreises der Ware im Voraus zu zahlen, vor dem Versand 50 % des Preises und ggf. die Transportkosten vor dem Versand ab Werk.<\/p>\n\n\n\n<figure class=\"wp-block-gallery has-nested-images columns-default is-cropped wp-block-gallery-1 is-layout-flex wp-block-gallery-is-layout-flex\">\n<figure class=\"wp-block-image size-large\"><img loading=\"lazy\" decoding=\"async\" width=\"1024\" height=\"576\" data-id=\"17356\" src=\"https:\/\/warex.cz\/app\/uploads\/2025\/03\/b-i-1-1024x576.jpg\" alt=\"\" class=\"wp-image-17356\" srcset=\"https:\/\/warex.cz\/app\/uploads\/2025\/03\/b-i-1-1024x576.jpg 1024w, https:\/\/warex.cz\/app\/uploads\/2025\/03\/b-i-1-300x169.jpg 300w, https:\/\/warex.cz\/app\/uploads\/2025\/03\/b-i-1-768x432.jpg 768w, https:\/\/warex.cz\/app\/uploads\/2025\/03\/b-i-1-1536x864.jpg 1536w, https:\/\/warex.cz\/app\/uploads\/2025\/03\/b-i-1-2048x1152.jpg 2048w, https:\/\/warex.cz\/app\/uploads\/2025\/03\/b-i-1-1320x743.jpg 1320w\" sizes=\"auto, (max-width: 1024px) 100vw, 1024px\" \/><\/figure>\n\n\n\n<figure class=\"wp-block-image size-large\"><img loading=\"lazy\" decoding=\"async\" width=\"1024\" height=\"576\" data-id=\"17360\" src=\"https:\/\/warex.cz\/app\/uploads\/2025\/03\/b-i-1024x576.jpg\" alt=\"\" class=\"wp-image-17360\" srcset=\"https:\/\/warex.cz\/app\/uploads\/2025\/03\/b-i-1024x576.jpg 1024w, https:\/\/warex.cz\/app\/uploads\/2025\/03\/b-i-300x169.jpg 300w, https:\/\/warex.cz\/app\/uploads\/2025\/03\/b-i-768x432.jpg 768w, https:\/\/warex.cz\/app\/uploads\/2025\/03\/b-i-1536x864.jpg 1536w, https:\/\/warex.cz\/app\/uploads\/2025\/03\/b-i-2048x1152.jpg 2048w, https:\/\/warex.cz\/app\/uploads\/2025\/03\/b-i-1320x743.jpg 1320w\" sizes=\"auto, (max-width: 1024px) 100vw, 1024px\" \/><\/figure>\n<\/figure>\n","protected":false},"excerpt":{"rendered":"<p>TECHNISCHE SPEZIFIKATION ABMESSUNGEN: Au\u00dfen: &nbsp; L: 6.058 mm, B: 2.438 mm, H: 2.800 mm&nbsp;&nbsp;&nbsp;&nbsp;&nbsp;&nbsp;&nbsp;&nbsp;&nbsp;&nbsp;&nbsp; &nbsp; Au\u00dfen: &nbsp; L: 6.058 mm, B: 2.990 mm, H: 2.800 mm Innen: &nbsp; L: 5.866 mm, B: 2.246 mm, H: 2.500 mm&nbsp;&nbsp;&nbsp;&nbsp;&nbsp;&nbsp;&nbsp;&nbsp;&nbsp;&nbsp;&nbsp;&nbsp; &nbsp; Innen: &nbsp; L: 5.866 mm, B: 2.798 mm, H: 2.500 mm Rahmen: geschwei\u00dfter Stahlrahmen, stapelbar bis zu &hellip; <a href=\"https:\/\/warex.cz\/de\/produktreihe-economy\/\">Continued<\/a><\/p>\n","protected":false},"author":13,"featured_media":0,"parent":0,"menu_order":0,"comment_status":"closed","ping_status":"closed","template":"","meta":{"_acf_changed":false,"footnotes":""},"class_list":["post-7932","page","type-page","status-publish","hentry"],"acf":[],"yoast_head":"<!-- This site is optimized with the Yoast SEO plugin v26.9 - https:\/\/yoast.com\/product\/yoast-seo-wordpress\/ -->\n<title>WOHNCONTAINER SERIE BASIC TYP B1 - Warex<\/title>\n<meta name=\"robots\" content=\"index, follow, max-snippet:-1, max-image-preview:large, max-video-preview:-1\" \/>\n<link rel=\"canonical\" href=\"https:\/\/warex.cz\/de\/produktreihe-economy\/\" \/>\n<meta property=\"og:locale\" content=\"de_DE\" \/>\n<meta property=\"og:type\" content=\"article\" \/>\n<meta property=\"og:title\" content=\"WOHNCONTAINER SERIE BASIC TYP B1 - Warex\" \/>\n<meta property=\"og:description\" content=\"TECHNISCHE SPEZIFIKATION ABMESSUNGEN: Au\u00dfen: &nbsp; L: 6.058 mm, B: 2.438 mm, H: 2.800 mm&nbsp;&nbsp;&nbsp;&nbsp;&nbsp;&nbsp;&nbsp;&nbsp;&nbsp;&nbsp;&nbsp; &nbsp; Au\u00dfen: &nbsp; L: 6.058 mm, B: 2.990 mm, H: 2.800 mm Innen: &nbsp; L: 5.866 mm, B: 2.246 mm, H: 2.500 mm&nbsp;&nbsp;&nbsp;&nbsp;&nbsp;&nbsp;&nbsp;&nbsp;&nbsp;&nbsp;&nbsp;&nbsp; &nbsp; Innen: &nbsp; L: 5.866 mm, B: 2.798 mm, H: 2.500 mm Rahmen: geschwei\u00dfter Stahlrahmen, stapelbar bis zu &hellip; Continued\" \/>\n<meta property=\"og:url\" content=\"https:\/\/warex.cz\/de\/produktreihe-economy\/\" \/>\n<meta property=\"og:site_name\" content=\"Warex\" \/>\n<meta property=\"article:publisher\" content=\"https:\/\/www.facebook.com\/WarexCzech\/notifications\/\" \/>\n<meta property=\"article:modified_time\" content=\"2025-12-03T09:22:55+00:00\" \/>\n<meta property=\"og:image\" content=\"https:\/\/warex.cz\/app\/uploads\/2025\/03\/basic.png\" \/>\n\t<meta property=\"og:image:width\" content=\"1470\" \/>\n\t<meta property=\"og:image:height\" content=\"1167\" \/>\n\t<meta property=\"og:image:type\" content=\"image\/png\" \/>\n<meta name=\"twitter:card\" content=\"summary_large_image\" \/>\n<meta name=\"twitter:label1\" content=\"Gesch\u00e4tzte Lesezeit\" \/>\n\t<meta name=\"twitter:data1\" content=\"3\u00a0Minuten\" \/>\n<script type=\"application\/ld+json\" class=\"yoast-schema-graph\">{\"@context\":\"https:\/\/schema.org\",\"@graph\":[{\"@type\":\"WebPage\",\"@id\":\"https:\/\/warex.cz\/de\/produktreihe-economy\/\",\"url\":\"https:\/\/warex.cz\/de\/produktreihe-economy\/\",\"name\":\"WOHNCONTAINER SERIE BASIC TYP B1 - Warex\",\"isPartOf\":{\"@id\":\"https:\/\/warex.cz\/de\/#website\"},\"primaryImageOfPage\":{\"@id\":\"https:\/\/warex.cz\/de\/produktreihe-economy\/#primaryimage\"},\"image\":{\"@id\":\"https:\/\/warex.cz\/de\/produktreihe-economy\/#primaryimage\"},\"thumbnailUrl\":\"https:\/\/warex.cz\/app\/uploads\/2025\/03\/basic-1024x813.png\",\"datePublished\":\"2022-02-21T07:58:01+00:00\",\"dateModified\":\"2025-12-03T09:22:55+00:00\",\"breadcrumb\":{\"@id\":\"https:\/\/warex.cz\/de\/produktreihe-economy\/#breadcrumb\"},\"inLanguage\":\"de\",\"potentialAction\":[{\"@type\":\"ReadAction\",\"target\":[\"https:\/\/warex.cz\/de\/produktreihe-economy\/\"]}]},{\"@type\":\"ImageObject\",\"inLanguage\":\"de\",\"@id\":\"https:\/\/warex.cz\/de\/produktreihe-economy\/#primaryimage\",\"url\":\"https:\/\/warex.cz\/app\/uploads\/2025\/03\/basic-1024x813.png\",\"contentUrl\":\"https:\/\/warex.cz\/app\/uploads\/2025\/03\/basic-1024x813.png\"},{\"@type\":\"BreadcrumbList\",\"@id\":\"https:\/\/warex.cz\/de\/produktreihe-economy\/#breadcrumb\",\"itemListElement\":[{\"@type\":\"ListItem\",\"position\":1,\"name\":\"Home\",\"item\":\"https:\/\/warex.cz\/de\/\"},{\"@type\":\"ListItem\",\"position\":2,\"name\":\"WOHNCONTAINER SERIE BASIC TYP B1\"}]},{\"@type\":\"WebSite\",\"@id\":\"https:\/\/warex.cz\/de\/#website\",\"url\":\"https:\/\/warex.cz\/de\/\",\"name\":\"Warex\",\"description\":\"Web spole\u010dnosti Warex\",\"potentialAction\":[{\"@type\":\"SearchAction\",\"target\":{\"@type\":\"EntryPoint\",\"urlTemplate\":\"https:\/\/warex.cz\/de\/?s={search_term_string}\"},\"query-input\":{\"@type\":\"PropertyValueSpecification\",\"valueRequired\":true,\"valueName\":\"search_term_string\"}}],\"inLanguage\":\"de\"}]}<\/script>\n<!-- \/ Yoast SEO plugin. -->","yoast_head_json":{"title":"WOHNCONTAINER SERIE BASIC TYP B1 - Warex","robots":{"index":"index","follow":"follow","max-snippet":"max-snippet:-1","max-image-preview":"max-image-preview:large","max-video-preview":"max-video-preview:-1"},"canonical":"https:\/\/warex.cz\/de\/produktreihe-economy\/","og_locale":"de_DE","og_type":"article","og_title":"WOHNCONTAINER SERIE BASIC TYP B1 - Warex","og_description":"TECHNISCHE SPEZIFIKATION ABMESSUNGEN: Au\u00dfen: &nbsp; L: 6.058 mm, B: 2.438 mm, H: 2.800 mm&nbsp;&nbsp;&nbsp;&nbsp;&nbsp;&nbsp;&nbsp;&nbsp;&nbsp;&nbsp;&nbsp; &nbsp; Au\u00dfen: &nbsp; L: 6.058 mm, B: 2.990 mm, H: 2.800 mm Innen: &nbsp; L: 5.866 mm, B: 2.246 mm, H: 2.500 mm&nbsp;&nbsp;&nbsp;&nbsp;&nbsp;&nbsp;&nbsp;&nbsp;&nbsp;&nbsp;&nbsp;&nbsp; &nbsp; Innen: &nbsp; L: 5.866 mm, B: 2.798 mm, H: 2.500 mm Rahmen: geschwei\u00dfter Stahlrahmen, stapelbar bis zu &hellip; Continued","og_url":"https:\/\/warex.cz\/de\/produktreihe-economy\/","og_site_name":"Warex","article_publisher":"https:\/\/www.facebook.com\/WarexCzech\/notifications\/","article_modified_time":"2025-12-03T09:22:55+00:00","og_image":[{"width":1470,"height":1167,"url":"https:\/\/warex.cz\/app\/uploads\/2025\/03\/basic.png","type":"image\/png"}],"twitter_card":"summary_large_image","twitter_misc":{"Gesch\u00e4tzte Lesezeit":"3\u00a0Minuten"},"schema":{"@context":"https:\/\/schema.org","@graph":[{"@type":"WebPage","@id":"https:\/\/warex.cz\/de\/produktreihe-economy\/","url":"https:\/\/warex.cz\/de\/produktreihe-economy\/","name":"WOHNCONTAINER SERIE BASIC TYP B1 - Warex","isPartOf":{"@id":"https:\/\/warex.cz\/de\/#website"},"primaryImageOfPage":{"@id":"https:\/\/warex.cz\/de\/produktreihe-economy\/#primaryimage"},"image":{"@id":"https:\/\/warex.cz\/de\/produktreihe-economy\/#primaryimage"},"thumbnailUrl":"https:\/\/warex.cz\/app\/uploads\/2025\/03\/basic-1024x813.png","datePublished":"2022-02-21T07:58:01+00:00","dateModified":"2025-12-03T09:22:55+00:00","breadcrumb":{"@id":"https:\/\/warex.cz\/de\/produktreihe-economy\/#breadcrumb"},"inLanguage":"de","potentialAction":[{"@type":"ReadAction","target":["https:\/\/warex.cz\/de\/produktreihe-economy\/"]}]},{"@type":"ImageObject","inLanguage":"de","@id":"https:\/\/warex.cz\/de\/produktreihe-economy\/#primaryimage","url":"https:\/\/warex.cz\/app\/uploads\/2025\/03\/basic-1024x813.png","contentUrl":"https:\/\/warex.cz\/app\/uploads\/2025\/03\/basic-1024x813.png"},{"@type":"BreadcrumbList","@id":"https:\/\/warex.cz\/de\/produktreihe-economy\/#breadcrumb","itemListElement":[{"@type":"ListItem","position":1,"name":"Home","item":"https:\/\/warex.cz\/de\/"},{"@type":"ListItem","position":2,"name":"WOHNCONTAINER SERIE BASIC TYP B1"}]},{"@type":"WebSite","@id":"https:\/\/warex.cz\/de\/#website","url":"https:\/\/warex.cz\/de\/","name":"Warex","description":"Web spole\u010dnosti Warex","potentialAction":[{"@type":"SearchAction","target":{"@type":"EntryPoint","urlTemplate":"https:\/\/warex.cz\/de\/?s={search_term_string}"},"query-input":{"@type":"PropertyValueSpecification","valueRequired":true,"valueName":"search_term_string"}}],"inLanguage":"de"}]}},"_links":{"self":[{"href":"https:\/\/warex.cz\/de\/wp-json\/wp\/v2\/pages\/7932","targetHints":{"allow":["GET"]}}],"collection":[{"href":"https:\/\/warex.cz\/de\/wp-json\/wp\/v2\/pages"}],"about":[{"href":"https:\/\/warex.cz\/de\/wp-json\/wp\/v2\/types\/page"}],"author":[{"embeddable":true,"href":"https:\/\/warex.cz\/de\/wp-json\/wp\/v2\/users\/13"}],"replies":[{"embeddable":true,"href":"https:\/\/warex.cz\/de\/wp-json\/wp\/v2\/comments?post=7932"}],"version-history":[{"count":12,"href":"https:\/\/warex.cz\/de\/wp-json\/wp\/v2\/pages\/7932\/revisions"}],"predecessor-version":[{"id":18793,"href":"https:\/\/warex.cz\/de\/wp-json\/wp\/v2\/pages\/7932\/revisions\/18793"}],"wp:attachment":[{"href":"https:\/\/warex.cz\/de\/wp-json\/wp\/v2\/media?parent=7932"}],"curies":[{"name":"wp","href":"https:\/\/api.w.org\/{rel}","templated":true}]}}