{"id":7934,"date":"2022-02-21T09:28:01","date_gmt":"2022-02-21T08:28:01","guid":{"rendered":"https:\/\/warex.cz\/?page_id=7934"},"modified":"2022-07-10T20:35:45","modified_gmt":"2022-07-10T18:35:45","slug":"produktreihe-standard","status":"publish","type":"page","link":"https:\/\/warex.cz\/de\/produktreihe-standard\/","title":{"rendered":"WOHNCONTAINER\u00a0STANDARD &#8211; Tiefpreisgarantie!"},"content":{"rendered":"\n<p><strong>Wohncontainer TYP S-B1<\/strong> Wohncontainer k\u00f6nnen als B\u00fcror\u00e4ume, B\u00fcrogeb\u00e4ude, Baucontainer <br>oder als Einrichtungen f\u00fcr Sportpl\u00e4tze genutzt werden. Im Lieferumfang eines Standardmoduls<br>mit den Abmessungen Breite: 2,44 m \/ L\u00e4nge: 6,06 m \/ H\u00f6he: 2,80 m \/ Innenh\u00f6he: 2,50 m ist ein PVC-Fenster 1760 x 1115 mm enthalten mm mit Rollladen, T\u00fcr 2000 x 875 mm, komplette Elektrik, W\u00e4rmed\u00e4mmung Boden: 100 mm \/ W\u00e4nde: 100 mm \/ Decke: 100 mm&nbsp; statisch nachgewiesene Stapelbarkeit in drei Stockwerke.<\/p>\n\n\n\n<div class=\"wp-block-columns is-layout-flex wp-container-core-columns-is-layout-9d6595d7 wp-block-columns-is-layout-flex\">\n<div class=\"wp-block-column is-layout-flow wp-block-column-is-layout-flow\">\n<figure class=\"wp-block-image size-full\"><img loading=\"lazy\" decoding=\"async\" width=\"294\" height=\"208\" src=\"https:\/\/warex.cz\/app\/uploads\/2022\/05\/economy.png\" alt=\"\" class=\"wp-image-8361\"\/><\/figure>\n<\/div>\n\n\n\n<div class=\"wp-block-column is-layout-flow wp-block-column-is-layout-flow\">\n<figure class=\"wp-block-image size-full\"><img loading=\"lazy\" decoding=\"async\" width=\"277\" height=\"208\" src=\"https:\/\/warex.cz\/app\/uploads\/2022\/07\/standard1.jpg\" alt=\"\" class=\"wp-image-8685\"\/><\/figure>\n<\/div>\n\n\n\n<div class=\"wp-block-column is-layout-flow wp-block-column-is-layout-flow\">\n<figure class=\"wp-block-image size-full\"><img loading=\"lazy\" decoding=\"async\" width=\"320\" height=\"208\" src=\"https:\/\/warex.cz\/app\/uploads\/2022\/07\/standard-2.png\" alt=\"\" class=\"wp-image-8681\" srcset=\"https:\/\/warex.cz\/app\/uploads\/2022\/07\/standard-2.png 320w, https:\/\/warex.cz\/app\/uploads\/2022\/07\/standard-2-300x195.png 300w\" sizes=\"auto, (max-width: 320px) 100vw, 320px\" \/><\/figure>\n<\/div>\n<\/div>\n\n\n\n<div class=\"wp-block-columns is-layout-flex wp-container-core-columns-is-layout-9d6595d7 wp-block-columns-is-layout-flex\">\n<div class=\"wp-block-column is-layout-flow wp-block-column-is-layout-flow\"><\/div>\n\n\n\n<div class=\"wp-block-column is-layout-flow wp-block-column-is-layout-flow\"><\/div>\n<\/div>\n\n\n\n<div class=\"wp-block-file\"><a id=\"wp-block-file--media-69f8bb7b-8c8a-46b8-87f3-2c58bb080528\" href=\"https:\/\/warex.cz\/app\/uploads\/2022\/07\/mimoradna-nabidka-standard-de.pptx\"><strong>Technische Daten:<\/strong> <br>Wohncontainer<\/a><a href=\"https:\/\/warex.cz\/app\/uploads\/2022\/07\/mimoradna-nabidka-standard-de.pptx\" class=\"wp-block-file__button\" download aria-describedby=\"wp-block-file--media-69f8bb7b-8c8a-46b8-87f3-2c58bb080528\">Download<\/a><\/div>\n\n\n\n<div class=\"wp-block-columns is-layout-flex wp-container-core-columns-is-layout-9d6595d7 wp-block-columns-is-layout-flex\">\n<div class=\"wp-block-column is-layout-flow wp-block-column-is-layout-flow\">\n<p><strong>Tiefpreisgarantie!<\/strong><\/p>\n\n\n\n<p><strong>Wir garantieren unseren Kunden den niedrigsten Preis auf dem Markt f\u00fcr den Verkauf unserer Container. Wenn Sie einen niedrigeren Preis f\u00fcr den gleichen Container nachweisen, bieten wir Ihnen den Verkauf unseres Containers zu demselben Preis an. Dieser gleiche Container muss neu sein und identisches Design und technische Eigenschaften aufweisen.<\/strong><\/p>\n\n\n\n<p>Die Tiefpreisgarantie ist sp\u00e4testens innerhalb von 2&nbsp;Tagen nach Auftragseingang geltend zu machen. Die Tiefpreisgarantie bezieht sich auf Preise, die im gleichen Zeitraum g\u00fcltig sind oder waren. Der Kunde hat das Wettbewerbsangebot oder die jeweilige URL mit dem Produkt vorzulegen, wo der Produktcode, die Fotodokumentation, Ma\u00dfe und aktueller Preis erkennbar sind. Die Ware muss neu hergestellt sein, es sind keine Lager- oder gebrauchte Produkte zul\u00e4ssig. Die Ware darf nicht gem\u00e4\u00df \u00a7&nbsp;10&nbsp;und \u00a7&nbsp;11&nbsp;Abs.&nbsp;1&nbsp;Buchst. e), Wettbewerbsgesetz, unter dem Beschaffungspreis verkauft werden. Die Preisgarantie gilt f\u00fcr die Preise von Wettbewerbern, die ihre Gesch\u00e4fte in unserem Land rechtm\u00e4\u00dfig auf der Grundlage der inl\u00e4ndischen geltenden Gesetze und Steuern abwickeln und auch Herstellergarantie bieten und Serviceleistungen erbringen. Sie gilt daher nicht f\u00fcr die Preise von Gelegenheitsverk\u00e4ufern, ausl\u00e4ndischen Unternehmen oder Privatpersonen, die den jeweiligen Artikel gelegentlich verkaufen. In der Tiefpreisgarantie nicht eingeschlossen sind Serviceleistungen (Montage, Anpassungen usw.). Die Tiefpreisgarantie gilt nicht f\u00fcr Wettbewerber und H\u00e4ndler.<\/p>\n<\/div>\n<\/div>\n\n\n\n<div class=\"wp-block-columns is-layout-flex wp-container-core-columns-is-layout-9d6595d7 wp-block-columns-is-layout-flex\">\n<div class=\"wp-block-column is-layout-flow wp-block-column-is-layout-flow\">\n<figure class=\"wp-block-image size-full\"><img loading=\"lazy\" decoding=\"async\" width=\"670\" height=\"266\" src=\"https:\/\/warex.cz\/app\/uploads\/2022\/05\/economy-1.png\" alt=\"\" class=\"wp-image-8409\" srcset=\"https:\/\/warex.cz\/app\/uploads\/2022\/05\/economy-1.png 670w, https:\/\/warex.cz\/app\/uploads\/2022\/05\/economy-1-300x119.png 300w\" sizes=\"auto, (max-width: 670px) 100vw, 670px\" \/><\/figure>\n<\/div>\n\n\n\n<div class=\"wp-block-column is-layout-flow wp-block-column-is-layout-flow\">\n<figure class=\"wp-block-image size-full\"><img loading=\"lazy\" decoding=\"async\" width=\"319\" height=\"229\" src=\"https:\/\/warex.cz\/app\/uploads\/2022\/05\/economy-2.png\" alt=\"\" class=\"wp-image-8412\" srcset=\"https:\/\/warex.cz\/app\/uploads\/2022\/05\/economy-2.png 319w, https:\/\/warex.cz\/app\/uploads\/2022\/05\/economy-2-300x215.png 300w\" sizes=\"auto, (max-width: 319px) 100vw, 319px\" \/><\/figure>\n<\/div>\n\n\n\n<div class=\"wp-block-column is-layout-flow wp-block-column-is-layout-flow\">\n<figure class=\"wp-block-image size-full\"><img loading=\"lazy\" decoding=\"async\" width=\"341\" height=\"334\" src=\"https:\/\/warex.cz\/app\/uploads\/2022\/05\/economy-3.png\" alt=\"\" class=\"wp-image-8415\" srcset=\"https:\/\/warex.cz\/app\/uploads\/2022\/05\/economy-3.png 341w, https:\/\/warex.cz\/app\/uploads\/2022\/05\/economy-3-300x294.png 300w\" sizes=\"auto, (max-width: 341px) 100vw, 341px\" \/><\/figure>\n<\/div>\n<\/div>\n","protected":false},"excerpt":{"rendered":"<p>Wohncontainer TYP S-B1 Wohncontainer k\u00f6nnen als B\u00fcror\u00e4ume, B\u00fcrogeb\u00e4ude, Baucontainer oder als Einrichtungen f\u00fcr Sportpl\u00e4tze genutzt werden. Im Lieferumfang eines Standardmodulsmit den Abmessungen Breite: 2,44 m \/ L\u00e4nge: 6,06 m \/ H\u00f6he: 2,80 m \/ Innenh\u00f6he: 2,50 m ist ein PVC-Fenster 1760 x 1115 mm enthalten mm mit Rollladen, T\u00fcr 2000 x 875 mm, komplette Elektrik, &hellip; <a href=\"https:\/\/warex.cz\/de\/produktreihe-standard\/\">Continued<\/a><\/p>\n","protected":false},"author":13,"featured_media":0,"parent":0,"menu_order":0,"comment_status":"closed","ping_status":"closed","template":"","meta":{"_acf_changed":false,"footnotes":""},"class_list":["post-7934","page","type-page","status-publish","hentry"],"acf":[],"yoast_head":"<!-- This site is optimized with the Yoast SEO plugin v26.9 - https:\/\/yoast.com\/product\/yoast-seo-wordpress\/ -->\n<title>WOHNCONTAINER\u00a0STANDARD - Tiefpreisgarantie! - Warex<\/title>\n<meta name=\"description\" content=\"Modulobjekte, Produktreihe ECONOMY Technische Daten TYP S-B1, Abmessungen, Rahmen, W\u00e4rmed\u00e4mmung, W\u00e4nde, Boden\" \/>\n<meta name=\"robots\" content=\"index, follow, max-snippet:-1, max-image-preview:large, max-video-preview:-1\" \/>\n<link rel=\"canonical\" href=\"https:\/\/warex.cz\/de\/produktreihe-standard\/\" \/>\n<meta property=\"og:locale\" content=\"de_DE\" \/>\n<meta property=\"og:type\" content=\"article\" \/>\n<meta property=\"og:title\" content=\"WOHNCONTAINER\u00a0STANDARD - Tiefpreisgarantie! - Warex\" \/>\n<meta property=\"og:description\" content=\"Modulobjekte, Produktreihe ECONOMY Technische Daten TYP S-B1, Abmessungen, Rahmen, W\u00e4rmed\u00e4mmung, W\u00e4nde, Boden\" \/>\n<meta property=\"og:url\" content=\"https:\/\/warex.cz\/de\/produktreihe-standard\/\" \/>\n<meta property=\"og:site_name\" content=\"Warex\" \/>\n<meta property=\"article:publisher\" content=\"https:\/\/www.facebook.com\/WarexCzech\/notifications\/\" \/>\n<meta property=\"article:modified_time\" content=\"2022-07-10T18:35:45+00:00\" \/>\n<meta property=\"og:image\" content=\"https:\/\/warex.cz\/app\/uploads\/2022\/05\/economy.png\" \/>\n<meta name=\"twitter:card\" content=\"summary_large_image\" \/>\n<meta name=\"twitter:label1\" content=\"Gesch\u00e4tzte Lesezeit\" \/>\n\t<meta name=\"twitter:data1\" content=\"3\u00a0Minuten\" \/>\n<script type=\"application\/ld+json\" class=\"yoast-schema-graph\">{\"@context\":\"https:\/\/schema.org\",\"@graph\":[{\"@type\":\"WebPage\",\"@id\":\"https:\/\/warex.cz\/de\/produktreihe-standard\/\",\"url\":\"https:\/\/warex.cz\/de\/produktreihe-standard\/\",\"name\":\"WOHNCONTAINER\u00a0STANDARD - Tiefpreisgarantie! - Warex\",\"isPartOf\":{\"@id\":\"https:\/\/warex.cz\/de\/#website\"},\"primaryImageOfPage\":{\"@id\":\"https:\/\/warex.cz\/de\/produktreihe-standard\/#primaryimage\"},\"image\":{\"@id\":\"https:\/\/warex.cz\/de\/produktreihe-standard\/#primaryimage\"},\"thumbnailUrl\":\"https:\/\/warex.cz\/app\/uploads\/2022\/05\/economy.png\",\"datePublished\":\"2022-02-21T08:28:01+00:00\",\"dateModified\":\"2022-07-10T18:35:45+00:00\",\"description\":\"Modulobjekte, Produktreihe ECONOMY Technische Daten TYP S-B1, Abmessungen, Rahmen, W\u00e4rmed\u00e4mmung, W\u00e4nde, Boden\",\"breadcrumb\":{\"@id\":\"https:\/\/warex.cz\/de\/produktreihe-standard\/#breadcrumb\"},\"inLanguage\":\"de\",\"potentialAction\":[{\"@type\":\"ReadAction\",\"target\":[\"https:\/\/warex.cz\/de\/produktreihe-standard\/\"]}]},{\"@type\":\"ImageObject\",\"inLanguage\":\"de\",\"@id\":\"https:\/\/warex.cz\/de\/produktreihe-standard\/#primaryimage\",\"url\":\"https:\/\/warex.cz\/app\/uploads\/2022\/05\/economy.png\",\"contentUrl\":\"https:\/\/warex.cz\/app\/uploads\/2022\/05\/economy.png\"},{\"@type\":\"BreadcrumbList\",\"@id\":\"https:\/\/warex.cz\/de\/produktreihe-standard\/#breadcrumb\",\"itemListElement\":[{\"@type\":\"ListItem\",\"position\":1,\"name\":\"Home\",\"item\":\"https:\/\/warex.cz\/de\/\"},{\"@type\":\"ListItem\",\"position\":2,\"name\":\"WOHNCONTAINER\u00a0STANDARD &#8211; Tiefpreisgarantie!\"}]},{\"@type\":\"WebSite\",\"@id\":\"https:\/\/warex.cz\/de\/#website\",\"url\":\"https:\/\/warex.cz\/de\/\",\"name\":\"Warex\",\"description\":\"Web spole\u010dnosti Warex\",\"potentialAction\":[{\"@type\":\"SearchAction\",\"target\":{\"@type\":\"EntryPoint\",\"urlTemplate\":\"https:\/\/warex.cz\/de\/?s={search_term_string}\"},\"query-input\":{\"@type\":\"PropertyValueSpecification\",\"valueRequired\":true,\"valueName\":\"search_term_string\"}}],\"inLanguage\":\"de\"}]}<\/script>\n<!-- \/ Yoast SEO plugin. -->","yoast_head_json":{"title":"WOHNCONTAINER\u00a0STANDARD - Tiefpreisgarantie! - Warex","description":"Modulobjekte, Produktreihe ECONOMY Technische Daten TYP S-B1, Abmessungen, Rahmen, W\u00e4rmed\u00e4mmung, W\u00e4nde, Boden","robots":{"index":"index","follow":"follow","max-snippet":"max-snippet:-1","max-image-preview":"max-image-preview:large","max-video-preview":"max-video-preview:-1"},"canonical":"https:\/\/warex.cz\/de\/produktreihe-standard\/","og_locale":"de_DE","og_type":"article","og_title":"WOHNCONTAINER\u00a0STANDARD - Tiefpreisgarantie! - Warex","og_description":"Modulobjekte, Produktreihe ECONOMY Technische Daten TYP S-B1, Abmessungen, Rahmen, W\u00e4rmed\u00e4mmung, W\u00e4nde, Boden","og_url":"https:\/\/warex.cz\/de\/produktreihe-standard\/","og_site_name":"Warex","article_publisher":"https:\/\/www.facebook.com\/WarexCzech\/notifications\/","article_modified_time":"2022-07-10T18:35:45+00:00","og_image":[{"url":"https:\/\/warex.cz\/app\/uploads\/2022\/05\/economy.png","type":"","width":"","height":""}],"twitter_card":"summary_large_image","twitter_misc":{"Gesch\u00e4tzte Lesezeit":"3\u00a0Minuten"},"schema":{"@context":"https:\/\/schema.org","@graph":[{"@type":"WebPage","@id":"https:\/\/warex.cz\/de\/produktreihe-standard\/","url":"https:\/\/warex.cz\/de\/produktreihe-standard\/","name":"WOHNCONTAINER\u00a0STANDARD - Tiefpreisgarantie! - Warex","isPartOf":{"@id":"https:\/\/warex.cz\/de\/#website"},"primaryImageOfPage":{"@id":"https:\/\/warex.cz\/de\/produktreihe-standard\/#primaryimage"},"image":{"@id":"https:\/\/warex.cz\/de\/produktreihe-standard\/#primaryimage"},"thumbnailUrl":"https:\/\/warex.cz\/app\/uploads\/2022\/05\/economy.png","datePublished":"2022-02-21T08:28:01+00:00","dateModified":"2022-07-10T18:35:45+00:00","description":"Modulobjekte, Produktreihe ECONOMY Technische Daten TYP S-B1, Abmessungen, Rahmen, W\u00e4rmed\u00e4mmung, W\u00e4nde, Boden","breadcrumb":{"@id":"https:\/\/warex.cz\/de\/produktreihe-standard\/#breadcrumb"},"inLanguage":"de","potentialAction":[{"@type":"ReadAction","target":["https:\/\/warex.cz\/de\/produktreihe-standard\/"]}]},{"@type":"ImageObject","inLanguage":"de","@id":"https:\/\/warex.cz\/de\/produktreihe-standard\/#primaryimage","url":"https:\/\/warex.cz\/app\/uploads\/2022\/05\/economy.png","contentUrl":"https:\/\/warex.cz\/app\/uploads\/2022\/05\/economy.png"},{"@type":"BreadcrumbList","@id":"https:\/\/warex.cz\/de\/produktreihe-standard\/#breadcrumb","itemListElement":[{"@type":"ListItem","position":1,"name":"Home","item":"https:\/\/warex.cz\/de\/"},{"@type":"ListItem","position":2,"name":"WOHNCONTAINER\u00a0STANDARD &#8211; Tiefpreisgarantie!"}]},{"@type":"WebSite","@id":"https:\/\/warex.cz\/de\/#website","url":"https:\/\/warex.cz\/de\/","name":"Warex","description":"Web spole\u010dnosti Warex","potentialAction":[{"@type":"SearchAction","target":{"@type":"EntryPoint","urlTemplate":"https:\/\/warex.cz\/de\/?s={search_term_string}"},"query-input":{"@type":"PropertyValueSpecification","valueRequired":true,"valueName":"search_term_string"}}],"inLanguage":"de"}]}},"_links":{"self":[{"href":"https:\/\/warex.cz\/de\/wp-json\/wp\/v2\/pages\/7934","targetHints":{"allow":["GET"]}}],"collection":[{"href":"https:\/\/warex.cz\/de\/wp-json\/wp\/v2\/pages"}],"about":[{"href":"https:\/\/warex.cz\/de\/wp-json\/wp\/v2\/types\/page"}],"author":[{"embeddable":true,"href":"https:\/\/warex.cz\/de\/wp-json\/wp\/v2\/users\/13"}],"replies":[{"embeddable":true,"href":"https:\/\/warex.cz\/de\/wp-json\/wp\/v2\/comments?post=7934"}],"version-history":[{"count":17,"href":"https:\/\/warex.cz\/de\/wp-json\/wp\/v2\/pages\/7934\/revisions"}],"predecessor-version":[{"id":8717,"href":"https:\/\/warex.cz\/de\/wp-json\/wp\/v2\/pages\/7934\/revisions\/8717"}],"wp:attachment":[{"href":"https:\/\/warex.cz\/de\/wp-json\/wp\/v2\/media?parent=7934"}],"curies":[{"name":"wp","href":"https:\/\/api.w.org\/{rel}","templated":true}]}}