{"id":7946,"date":"2022-02-21T09:38:47","date_gmt":"2022-02-21T08:38:47","guid":{"rendered":"https:\/\/warex.cz\/?page_id=7946"},"modified":"2022-06-28T09:33:53","modified_gmt":"2022-06-28T07:33:53","slug":"produktreihe-individual","status":"publish","type":"page","link":"https:\/\/warex.cz\/de\/produktreihe-individual\/","title":{"rendered":"Produktreihe INDIVIDUAL"},"content":{"rendered":"\n<div class=\"wp-block-columns is-layout-flex wp-container-core-columns-is-layout-9d6595d7 wp-block-columns-is-layout-flex\">\n<div class=\"wp-block-column is-layout-flow wp-block-column-is-layout-flow\">\n<p><strong>Technische Daten <\/strong><strong>TYP I-B1<\/strong><\/p>\n\n\n\n<p><strong>Abmessungen<\/strong><strong><br><\/strong>L au\u00dfen: D: 6.058 mm, B: 2.438 mm, H: 2.890 mm<\/p>\n\n\n\n<p>L innen:&nbsp; D: 5.808 mm, B: 2.188 mm, H: 2.510 mm<\/p>\n\n\n\n<p><strong>Rahmen<\/strong><strong><br><\/strong>Stahl, Schraube, Stapelung in drei Schichten, Farbton RAL 7035<br><strong>W\u00e4rmed\u00e4mmung<\/strong><strong><br><\/strong>Mineralwolle WLG 039<br>Dicke Boden\/Wand\/Decke 100\/100\/120 mm<\/p>\n\n\n\n<p><strong>W\u00e4nde <\/strong><strong><br><\/strong>Au\u00dfen: Feste W\u00e4nde, Trapezblech, RAL 7035<\/p>\n\n\n\n<p>Innen: laminierte Pressspanplatte, RAL 9010<\/p>\n\n\n\n<p><strong>Boden<\/strong><strong><br><\/strong>OSB-Platte\/ im Sanit\u00e4rmodul CETRIS, Dicke 22 mm, PVC 1,5 mm grau marmoriert<br><strong>Elektroinstallation<\/strong><strong><br><\/strong>\u010cSN oder DIN-Norm, Beleuchtung LED 2 x 58 W, Heizung 2 kW, Steckdosen, Schalter<br><strong>Fenster<\/strong><strong><br><\/strong>PVC 1760 x 1115 mm, FIX\/OS, PVC-Rollo, Farbton Fenster und Rollo au\u00dfen RAL 9010<br><strong>T\u00fcr <\/strong><strong><br><\/strong>Stahl, Marke H\u00f6rmann, H: 1970 mm, B: 800 mm,(Deutscher Markt 2000&#215;875 mm), Farbton au\u00dfen RAL 7035, innen RAL 9010<br><\/p>\n\n\n\n<p><strong>Optionen von Wohnmodulen gegen Aufpreis<\/strong><strong><br>&#8211; <\/strong>Windfang<br>&#8211; DUO, TRIO Typ I-D1, I-D2, I-T1, I-T2<br>&#8211; Breite: 2,5 m oder 3,0 m<br>&#8211; L\u00e4nge: 3,0 m, 5,0 m, 6,0 m, 7,5 m, 9,0 m<br>&#8211; Innenh\u00f6he: 2,5 m, 2,7 m, 3,0 m<br>&#8211; Diverse Fenster- und T\u00fcrpositionen<br>&#8211; W\u00e4rmed\u00e4mmung EnEv 2016: P\/S\/Str, WLG 035 Dicke &nbsp;<br>&nbsp; 140\/140\/180 mm<br>&#8211; Brandbest\u00e4ndigkeit: W\u00e4nde und Decken gem.<br>&nbsp; DIN F30 &#8211; F90 oder \u010cSN EI 15 \u2013 EI 90<br>&#8211; Bodenbelag: PVC, Linoleum, Teppich, Fliesen<br>&#8211; Innenw\u00e4nde: laminierte Pressspanplatte, Gipskarton,<br>&nbsp; Tapete, keramische Fliesen<br>&#8211; Decke: laminierte Pressspanplatte, Gipskarton,<br>&nbsp; Kassettendecke<br>&#8211; Farbton: Fassadenblech, Fenster und T\u00fcren auf Wunsch<br>&#8211; Fenster: PVC oder ALU in diversen Abmessungen<br>&#8211; Fensterrollos oder Raffstores<br>&#8211; T\u00fcren: PVC, Stahl oder ALU in diversen Abmessungen<br>&#8211; Ganzverglaste W\u00e4nde<br>&#8211; Fassade: Trapezblech, Alu-Kasetten,<br>&nbsp;&nbsp; W\u00e4rmed\u00e4mmungssystem, Holz, CEMBRIT<br>&#8211; Innen- und Au\u00dfenstiegen, Podeste<br>&#8211; Dach: Trapezdach, zus\u00e4tzliches Kaltdach<br>&#8211; Modulgruppen: nach Kundenwunsch<br>&#8211; Sani-Einrichtungen: nach Kundenwunsch<\/p>\n<\/div>\n\n\n\n<div class=\"wp-block-column is-layout-flow wp-block-column-is-layout-flow\">\n<figure class=\"wp-block-image size-large\"><img loading=\"lazy\" decoding=\"async\" width=\"1024\" height=\"768\" src=\"https:\/\/warex.cz\/app\/uploads\/2022\/01\/continental-1024x768.jpg\" alt=\"\" class=\"wp-image-7801\" srcset=\"https:\/\/warex.cz\/app\/uploads\/2022\/01\/continental-1024x768.jpg 1024w, https:\/\/warex.cz\/app\/uploads\/2022\/01\/continental-300x225.jpg 300w, https:\/\/warex.cz\/app\/uploads\/2022\/01\/continental-768x576.jpg 768w, https:\/\/warex.cz\/app\/uploads\/2022\/01\/continental-1320x990.jpg 1320w, https:\/\/warex.cz\/app\/uploads\/2022\/01\/continental.jpg 1416w\" sizes=\"auto, (max-width: 1024px) 100vw, 1024px\" \/><\/figure>\n\n\n\n<figure class=\"wp-block-image size-full\"><img loading=\"lazy\" decoding=\"async\" width=\"960\" height=\"720\" src=\"https:\/\/warex.cz\/app\/uploads\/2022\/01\/policejni-skola.jpg\" alt=\"\" class=\"wp-image-7804\" srcset=\"https:\/\/warex.cz\/app\/uploads\/2022\/01\/policejni-skola.jpg 960w, https:\/\/warex.cz\/app\/uploads\/2022\/01\/policejni-skola-300x225.jpg 300w, https:\/\/warex.cz\/app\/uploads\/2022\/01\/policejni-skola-768x576.jpg 768w\" sizes=\"auto, (max-width: 960px) 100vw, 960px\" \/><\/figure>\n\n\n\n<figure class=\"wp-block-image size-full\"><img loading=\"lazy\" decoding=\"async\" width=\"960\" height=\"720\" src=\"https:\/\/warex.cz\/app\/uploads\/2022\/01\/skolka-angel.jpg\" alt=\"\" class=\"wp-image-7807\" srcset=\"https:\/\/warex.cz\/app\/uploads\/2022\/01\/skolka-angel.jpg 960w, https:\/\/warex.cz\/app\/uploads\/2022\/01\/skolka-angel-300x225.jpg 300w, https:\/\/warex.cz\/app\/uploads\/2022\/01\/skolka-angel-768x576.jpg 768w\" sizes=\"auto, (max-width: 960px) 100vw, 960px\" \/><\/figure>\n<\/div>\n<\/div>\n","protected":false},"excerpt":{"rendered":"<p>Technische Daten TYP I-B1 AbmessungenL au\u00dfen: D: 6.058 mm, B: 2.438 mm, H: 2.890 mm L innen:&nbsp; D: 5.808 mm, B: 2.188 mm, H: 2.510 mm RahmenStahl, Schraube, Stapelung in drei Schichten, Farbton RAL 7035W\u00e4rmed\u00e4mmungMineralwolle WLG 039Dicke Boden\/Wand\/Decke 100\/100\/120 mm W\u00e4nde Au\u00dfen: Feste W\u00e4nde, Trapezblech, RAL 7035 Innen: laminierte Pressspanplatte, RAL 9010 BodenOSB-Platte\/ im Sanit\u00e4rmodul &hellip; <a href=\"https:\/\/warex.cz\/de\/produktreihe-individual\/\">Continued<\/a><\/p>\n","protected":false},"author":13,"featured_media":0,"parent":0,"menu_order":0,"comment_status":"closed","ping_status":"closed","template":"","meta":{"_acf_changed":false,"footnotes":""},"class_list":["post-7946","page","type-page","status-publish","hentry"],"acf":[],"yoast_head":"<!-- This site is optimized with the Yoast SEO plugin v26.9 - https:\/\/yoast.com\/product\/yoast-seo-wordpress\/ -->\n<title>Produktreihe INDIVIDUAL - Warex<\/title>\n<meta name=\"description\" content=\"Modulobjekte, Produktreihe INDIVIDUAL, Technische Daten TYP I-B1, Abmessungen, Rahmen, W\u00e4rmed\u00e4mmung, W\u00e4nde\" \/>\n<meta name=\"robots\" content=\"index, follow, max-snippet:-1, max-image-preview:large, max-video-preview:-1\" \/>\n<link rel=\"canonical\" href=\"https:\/\/warex.cz\/de\/produktreihe-individual\/\" \/>\n<meta property=\"og:locale\" content=\"de_DE\" \/>\n<meta property=\"og:type\" content=\"article\" \/>\n<meta property=\"og:title\" content=\"Produktreihe INDIVIDUAL - Warex\" \/>\n<meta property=\"og:description\" content=\"Modulobjekte, Produktreihe INDIVIDUAL, Technische Daten TYP I-B1, Abmessungen, Rahmen, W\u00e4rmed\u00e4mmung, W\u00e4nde\" \/>\n<meta property=\"og:url\" content=\"https:\/\/warex.cz\/de\/produktreihe-individual\/\" \/>\n<meta property=\"og:site_name\" content=\"Warex\" \/>\n<meta property=\"article:publisher\" content=\"https:\/\/www.facebook.com\/WarexCzech\/notifications\/\" \/>\n<meta property=\"article:modified_time\" content=\"2022-06-28T07:33:53+00:00\" \/>\n<meta property=\"og:image\" content=\"https:\/\/warex.cz\/app\/uploads\/2022\/01\/continental-1024x768.jpg\" \/>\n<meta name=\"twitter:card\" content=\"summary_large_image\" \/>\n<meta name=\"twitter:label1\" content=\"Gesch\u00e4tzte Lesezeit\" \/>\n\t<meta name=\"twitter:data1\" content=\"2\u00a0Minuten\" \/>\n<script type=\"application\/ld+json\" class=\"yoast-schema-graph\">{\"@context\":\"https:\/\/schema.org\",\"@graph\":[{\"@type\":\"WebPage\",\"@id\":\"https:\/\/warex.cz\/de\/produktreihe-individual\/\",\"url\":\"https:\/\/warex.cz\/de\/produktreihe-individual\/\",\"name\":\"Produktreihe INDIVIDUAL - Warex\",\"isPartOf\":{\"@id\":\"https:\/\/warex.cz\/de\/#website\"},\"primaryImageOfPage\":{\"@id\":\"https:\/\/warex.cz\/de\/produktreihe-individual\/#primaryimage\"},\"image\":{\"@id\":\"https:\/\/warex.cz\/de\/produktreihe-individual\/#primaryimage\"},\"thumbnailUrl\":\"https:\/\/warex.cz\/app\/uploads\/2022\/01\/continental-1024x768.jpg\",\"datePublished\":\"2022-02-21T08:38:47+00:00\",\"dateModified\":\"2022-06-28T07:33:53+00:00\",\"description\":\"Modulobjekte, Produktreihe INDIVIDUAL, Technische Daten TYP I-B1, Abmessungen, Rahmen, W\u00e4rmed\u00e4mmung, W\u00e4nde\",\"breadcrumb\":{\"@id\":\"https:\/\/warex.cz\/de\/produktreihe-individual\/#breadcrumb\"},\"inLanguage\":\"de\",\"potentialAction\":[{\"@type\":\"ReadAction\",\"target\":[\"https:\/\/warex.cz\/de\/produktreihe-individual\/\"]}]},{\"@type\":\"ImageObject\",\"inLanguage\":\"de\",\"@id\":\"https:\/\/warex.cz\/de\/produktreihe-individual\/#primaryimage\",\"url\":\"https:\/\/warex.cz\/app\/uploads\/2022\/01\/continental-1024x768.jpg\",\"contentUrl\":\"https:\/\/warex.cz\/app\/uploads\/2022\/01\/continental-1024x768.jpg\"},{\"@type\":\"BreadcrumbList\",\"@id\":\"https:\/\/warex.cz\/de\/produktreihe-individual\/#breadcrumb\",\"itemListElement\":[{\"@type\":\"ListItem\",\"position\":1,\"name\":\"Home\",\"item\":\"https:\/\/warex.cz\/de\/\"},{\"@type\":\"ListItem\",\"position\":2,\"name\":\"Produktreihe INDIVIDUAL\"}]},{\"@type\":\"WebSite\",\"@id\":\"https:\/\/warex.cz\/de\/#website\",\"url\":\"https:\/\/warex.cz\/de\/\",\"name\":\"Warex\",\"description\":\"Web spole\u010dnosti Warex\",\"potentialAction\":[{\"@type\":\"SearchAction\",\"target\":{\"@type\":\"EntryPoint\",\"urlTemplate\":\"https:\/\/warex.cz\/de\/?s={search_term_string}\"},\"query-input\":{\"@type\":\"PropertyValueSpecification\",\"valueRequired\":true,\"valueName\":\"search_term_string\"}}],\"inLanguage\":\"de\"}]}<\/script>\n<!-- \/ Yoast SEO plugin. -->","yoast_head_json":{"title":"Produktreihe INDIVIDUAL - Warex","description":"Modulobjekte, Produktreihe INDIVIDUAL, Technische Daten TYP I-B1, Abmessungen, Rahmen, W\u00e4rmed\u00e4mmung, W\u00e4nde","robots":{"index":"index","follow":"follow","max-snippet":"max-snippet:-1","max-image-preview":"max-image-preview:large","max-video-preview":"max-video-preview:-1"},"canonical":"https:\/\/warex.cz\/de\/produktreihe-individual\/","og_locale":"de_DE","og_type":"article","og_title":"Produktreihe INDIVIDUAL - Warex","og_description":"Modulobjekte, Produktreihe INDIVIDUAL, Technische Daten TYP I-B1, Abmessungen, Rahmen, W\u00e4rmed\u00e4mmung, W\u00e4nde","og_url":"https:\/\/warex.cz\/de\/produktreihe-individual\/","og_site_name":"Warex","article_publisher":"https:\/\/www.facebook.com\/WarexCzech\/notifications\/","article_modified_time":"2022-06-28T07:33:53+00:00","og_image":[{"url":"https:\/\/warex.cz\/app\/uploads\/2022\/01\/continental-1024x768.jpg","type":"","width":"","height":""}],"twitter_card":"summary_large_image","twitter_misc":{"Gesch\u00e4tzte Lesezeit":"2\u00a0Minuten"},"schema":{"@context":"https:\/\/schema.org","@graph":[{"@type":"WebPage","@id":"https:\/\/warex.cz\/de\/produktreihe-individual\/","url":"https:\/\/warex.cz\/de\/produktreihe-individual\/","name":"Produktreihe INDIVIDUAL - Warex","isPartOf":{"@id":"https:\/\/warex.cz\/de\/#website"},"primaryImageOfPage":{"@id":"https:\/\/warex.cz\/de\/produktreihe-individual\/#primaryimage"},"image":{"@id":"https:\/\/warex.cz\/de\/produktreihe-individual\/#primaryimage"},"thumbnailUrl":"https:\/\/warex.cz\/app\/uploads\/2022\/01\/continental-1024x768.jpg","datePublished":"2022-02-21T08:38:47+00:00","dateModified":"2022-06-28T07:33:53+00:00","description":"Modulobjekte, Produktreihe INDIVIDUAL, Technische Daten TYP I-B1, Abmessungen, Rahmen, W\u00e4rmed\u00e4mmung, W\u00e4nde","breadcrumb":{"@id":"https:\/\/warex.cz\/de\/produktreihe-individual\/#breadcrumb"},"inLanguage":"de","potentialAction":[{"@type":"ReadAction","target":["https:\/\/warex.cz\/de\/produktreihe-individual\/"]}]},{"@type":"ImageObject","inLanguage":"de","@id":"https:\/\/warex.cz\/de\/produktreihe-individual\/#primaryimage","url":"https:\/\/warex.cz\/app\/uploads\/2022\/01\/continental-1024x768.jpg","contentUrl":"https:\/\/warex.cz\/app\/uploads\/2022\/01\/continental-1024x768.jpg"},{"@type":"BreadcrumbList","@id":"https:\/\/warex.cz\/de\/produktreihe-individual\/#breadcrumb","itemListElement":[{"@type":"ListItem","position":1,"name":"Home","item":"https:\/\/warex.cz\/de\/"},{"@type":"ListItem","position":2,"name":"Produktreihe INDIVIDUAL"}]},{"@type":"WebSite","@id":"https:\/\/warex.cz\/de\/#website","url":"https:\/\/warex.cz\/de\/","name":"Warex","description":"Web spole\u010dnosti Warex","potentialAction":[{"@type":"SearchAction","target":{"@type":"EntryPoint","urlTemplate":"https:\/\/warex.cz\/de\/?s={search_term_string}"},"query-input":{"@type":"PropertyValueSpecification","valueRequired":true,"valueName":"search_term_string"}}],"inLanguage":"de"}]}},"_links":{"self":[{"href":"https:\/\/warex.cz\/de\/wp-json\/wp\/v2\/pages\/7946","targetHints":{"allow":["GET"]}}],"collection":[{"href":"https:\/\/warex.cz\/de\/wp-json\/wp\/v2\/pages"}],"about":[{"href":"https:\/\/warex.cz\/de\/wp-json\/wp\/v2\/types\/page"}],"author":[{"embeddable":true,"href":"https:\/\/warex.cz\/de\/wp-json\/wp\/v2\/users\/13"}],"replies":[{"embeddable":true,"href":"https:\/\/warex.cz\/de\/wp-json\/wp\/v2\/comments?post=7946"}],"version-history":[{"count":3,"href":"https:\/\/warex.cz\/de\/wp-json\/wp\/v2\/pages\/7946\/revisions"}],"predecessor-version":[{"id":8612,"href":"https:\/\/warex.cz\/de\/wp-json\/wp\/v2\/pages\/7946\/revisions\/8612"}],"wp:attachment":[{"href":"https:\/\/warex.cz\/de\/wp-json\/wp\/v2\/media?parent=7946"}],"curies":[{"name":"wp","href":"https:\/\/api.w.org\/{rel}","templated":true}]}}