{"id":7965,"date":"2022-02-21T11:39:38","date_gmt":"2022-02-21T10:39:38","guid":{"rendered":"https:\/\/warex.cz\/?page_id=7965"},"modified":"2022-06-28T09:30:14","modified_gmt":"2022-06-28T07:30:14","slug":"product-line-individual","status":"publish","type":"page","link":"https:\/\/warex.cz\/en\/product-line-individual\/","title":{"rendered":"INDIVIDUAL Product Line"},"content":{"rendered":"\n<div class=\"wp-block-columns is-layout-flex wp-container-core-columns-is-layout-9d6595d7 wp-block-columns-is-layout-flex\">\n<div class=\"wp-block-column is-layout-flow wp-block-column-is-layout-flow\">\n<p><strong>Type TYP I-B1 <\/strong><strong>technical specification<\/strong><\/p>\n\n\n\n<p><strong>Dimensions<\/strong><\/p>\n\n\n\n<p>Outer D: 6.058 mm, W: 2.438 mm, H: 2.890 mm<\/p>\n\n\n\n<p>Inner D: 5.808 mm, W: 2.188 mm, H: 2.510 mm<\/p>\n\n\n\n<p><strong>Frame<\/strong><\/p>\n\n\n\n<p>Ocelov\u00fd, screwed, stacked in three layers, colour RAL 7035<\/p>\n\n\n\n<p><strong>Insulation<\/strong><strong> <\/strong>WLG 039<\/p>\n\n\n\n<p>Thickness of floor\/wall\/ceiling<\/p>\n\n\n\n<p>Basic: 100\/100\/120 mm<\/p>\n\n\n\n<p><strong>Walls<\/strong><\/p>\n\n\n\n<p>External: solid walls, box profile sheet metal, RAL 7035<\/p>\n\n\n\n<p>Internal: laminated chipboard, RAL 9010<\/p>\n\n\n\n<p><strong>Floor<\/strong><\/p>\n\n\n\n<p>OSB\/ in the CETRIS sanitary module, thickness 22 mm, 1,5 mm PVC, grey marble<\/p>\n\n\n\n<p><strong>Electrical installation<\/strong><strong><br><\/strong>\u010cSN or DIN standard, fluorescent lights 2 x 58 W, 2 kW heating, sockets, switches<br><strong>Window<\/strong><strong><br><\/strong>1760 x 1115 mm PVC, FIX\/OS, PVC blind, colour of window and blinds RAL 9010<br><strong>Door<\/strong><strong><br><\/strong>Ocelov\u00e9, zn. H\u00f6rmann, V: 1970 mm, \u0160: 800 mm (n\u011bmeck\u00fd trh 2000&#215;875 mm), barva vn\u011b RAL 7035, uvnit\u0159 RAL 9010<\/p>\n\n\n\n<p><strong>Design options of residential modules for a surcharge<\/strong><strong><br>&#8211; <\/strong>Porch<br>&#8211; DUO, TRIO Type I-D1, I-D2, I-T1, I-T2<br>&#8211; Width: 2.5 m or 3.0 m<br>&#8211; Length: 3.0 m, 5.0 m, 6.0 m, 7.5 m, 9.0 m<br>&#8211; Interior height: 2.5 m, 2.7 m, 3.0 m<br>&#8211; Different window and door positions<br>&#8211; EnEV insulation 2016: WLG 035, F\/W\/C thickness \u2013<br>&nbsp; -140\/140\/180 mm<br>&#8211; Fire resistance: walls and ceilings according to DIN F30 \u2013<br>&nbsp; F90 or \u010cSN EI 15 \u2013 EI 90<br>&#8211; Floor covering: PVC, linoleum, carpet, tiles<br>&#8211; Interior walls: laminated chipboard, plasterboard<br>&#8211; wallpaper, ceramic tiles<br>&#8211; Ceiling: laminated chipboard, plasterboard, coffered<br>&nbsp;&nbsp;ceiling<br>&#8211; Colour: for sheet metal facade, windows and doors<br>&nbsp;&nbsp;on request<br>&#8211; Windows: PVC or AL in various dimensions<br>&#8211; Roller blinds or Venetian blinds<br>&#8211; Door: PVC, steel or Al in various dimensions<br>&#8211; All-glass walls<br>&#8211; Facade: Box profile sheet metal, AL cassettes, facade<br>&#8211; insulation system, wood, CEMBRIT<br>&#8211; Internal and external stairs, landings<br>&#8211; Roof: trapezoidal, additional cold roof<br>&#8211; Modular assemblies: on the customer\u2019s request.<br>&#8211; Sanitary equipment: on the customer\u2019s request<\/p>\n<\/div>\n\n\n\n<div class=\"wp-block-column is-layout-flow wp-block-column-is-layout-flow\">\n<figure class=\"wp-block-image size-large\"><img loading=\"lazy\" decoding=\"async\" width=\"1024\" height=\"768\" src=\"https:\/\/warex.cz\/app\/uploads\/2022\/01\/continental-1024x768.jpg\" alt=\"\" class=\"wp-image-7800\" srcset=\"https:\/\/warex.cz\/app\/uploads\/2022\/01\/continental-1024x768.jpg 1024w, https:\/\/warex.cz\/app\/uploads\/2022\/01\/continental-300x225.jpg 300w, https:\/\/warex.cz\/app\/uploads\/2022\/01\/continental-768x576.jpg 768w, https:\/\/warex.cz\/app\/uploads\/2022\/01\/continental-1320x990.jpg 1320w, https:\/\/warex.cz\/app\/uploads\/2022\/01\/continental.jpg 1416w\" sizes=\"auto, (max-width: 1024px) 100vw, 1024px\" \/><\/figure>\n\n\n\n<figure class=\"wp-block-image size-full\"><img loading=\"lazy\" decoding=\"async\" width=\"960\" height=\"720\" src=\"https:\/\/warex.cz\/app\/uploads\/2022\/01\/policejni-skola.jpg\" alt=\"\" class=\"wp-image-7803\" srcset=\"https:\/\/warex.cz\/app\/uploads\/2022\/01\/policejni-skola.jpg 960w, https:\/\/warex.cz\/app\/uploads\/2022\/01\/policejni-skola-300x225.jpg 300w, https:\/\/warex.cz\/app\/uploads\/2022\/01\/policejni-skola-768x576.jpg 768w\" sizes=\"auto, (max-width: 960px) 100vw, 960px\" \/><\/figure>\n\n\n\n<figure class=\"wp-block-image size-full\"><img loading=\"lazy\" decoding=\"async\" width=\"960\" height=\"720\" src=\"https:\/\/warex.cz\/app\/uploads\/2022\/01\/skolka-angel.jpg\" alt=\"\" class=\"wp-image-7806\" srcset=\"https:\/\/warex.cz\/app\/uploads\/2022\/01\/skolka-angel.jpg 960w, https:\/\/warex.cz\/app\/uploads\/2022\/01\/skolka-angel-300x225.jpg 300w, https:\/\/warex.cz\/app\/uploads\/2022\/01\/skolka-angel-768x576.jpg 768w\" sizes=\"auto, (max-width: 960px) 100vw, 960px\" \/><\/figure>\n<\/div>\n<\/div>\n","protected":false},"excerpt":{"rendered":"<p>Type TYP I-B1 technical specification Dimensions Outer D: 6.058 mm, W: 2.438 mm, H: 2.890 mm Inner D: 5.808 mm, W: 2.188 mm, H: 2.510 mm Frame Ocelov\u00fd, screwed, stacked in three layers, colour RAL 7035 Insulation WLG 039 Thickness of floor\/wall\/ceiling Basic: 100\/100\/120 mm Walls External: solid walls, box profile sheet metal, RAL 7035 &hellip; <a href=\"https:\/\/warex.cz\/en\/product-line-individual\/\">Continued<\/a><\/p>\n","protected":false},"author":13,"featured_media":0,"parent":0,"menu_order":0,"comment_status":"closed","ping_status":"closed","template":"","meta":{"_acf_changed":false,"footnotes":""},"class_list":["post-7965","page","type-page","status-publish","hentry"],"acf":[],"yoast_head":"<!-- This site is optimized with the Yoast SEO plugin v27.5 - https:\/\/yoast.com\/product\/yoast-seo-wordpress\/ -->\n<title>INDIVIDUAL Product Line - Warex<\/title>\n<meta name=\"description\" content=\"Modular buildings, Product Line INDIVIDUAL, Type TYP I-B1 technical specification, DImension, Frame, Insulation, Walls\" \/>\n<meta name=\"robots\" content=\"index, follow, max-snippet:-1, max-image-preview:large, max-video-preview:-1\" \/>\n<link rel=\"canonical\" href=\"https:\/\/warex.cz\/en\/product-line-individual\/\" \/>\n<meta property=\"og:locale\" content=\"en_US\" \/>\n<meta property=\"og:type\" content=\"article\" \/>\n<meta property=\"og:title\" content=\"INDIVIDUAL Product Line - Warex\" \/>\n<meta property=\"og:description\" content=\"Modular buildings, Product Line INDIVIDUAL, Type TYP I-B1 technical specification, DImension, Frame, Insulation, Walls\" \/>\n<meta property=\"og:url\" content=\"https:\/\/warex.cz\/en\/product-line-individual\/\" \/>\n<meta property=\"og:site_name\" content=\"Warex\" \/>\n<meta property=\"article:publisher\" content=\"https:\/\/www.facebook.com\/WarexCzech\/notifications\/\" \/>\n<meta property=\"article:modified_time\" content=\"2022-06-28T07:30:14+00:00\" \/>\n<meta property=\"og:image\" content=\"https:\/\/warex.cz\/app\/uploads\/2022\/01\/continental-1024x768.jpg\" \/>\n<meta name=\"twitter:card\" content=\"summary_large_image\" \/>\n<meta name=\"twitter:label1\" content=\"Est. reading time\" \/>\n\t<meta name=\"twitter:data1\" content=\"3 minutes\" \/>\n<script type=\"application\/ld+json\" class=\"yoast-schema-graph\">{\"@context\":\"https:\\\/\\\/schema.org\",\"@graph\":[{\"@type\":\"WebPage\",\"@id\":\"https:\\\/\\\/warex.cz\\\/en\\\/product-line-individual\\\/\",\"url\":\"https:\\\/\\\/warex.cz\\\/en\\\/product-line-individual\\\/\",\"name\":\"INDIVIDUAL Product Line - Warex\",\"isPartOf\":{\"@id\":\"https:\\\/\\\/warex.cz\\\/en\\\/#website\"},\"primaryImageOfPage\":{\"@id\":\"https:\\\/\\\/warex.cz\\\/en\\\/product-line-individual\\\/#primaryimage\"},\"image\":{\"@id\":\"https:\\\/\\\/warex.cz\\\/en\\\/product-line-individual\\\/#primaryimage\"},\"thumbnailUrl\":\"https:\\\/\\\/warex.cz\\\/app\\\/uploads\\\/2022\\\/01\\\/continental-1024x768.jpg\",\"datePublished\":\"2022-02-21T10:39:38+00:00\",\"dateModified\":\"2022-06-28T07:30:14+00:00\",\"description\":\"Modular buildings, Product Line INDIVIDUAL, Type TYP I-B1 technical specification, DImension, Frame, Insulation, Walls\",\"breadcrumb\":{\"@id\":\"https:\\\/\\\/warex.cz\\\/en\\\/product-line-individual\\\/#breadcrumb\"},\"inLanguage\":\"en-US\",\"potentialAction\":[{\"@type\":\"ReadAction\",\"target\":[\"https:\\\/\\\/warex.cz\\\/en\\\/product-line-individual\\\/\"]}]},{\"@type\":\"ImageObject\",\"inLanguage\":\"en-US\",\"@id\":\"https:\\\/\\\/warex.cz\\\/en\\\/product-line-individual\\\/#primaryimage\",\"url\":\"https:\\\/\\\/warex.cz\\\/app\\\/uploads\\\/2022\\\/01\\\/continental-1024x768.jpg\",\"contentUrl\":\"https:\\\/\\\/warex.cz\\\/app\\\/uploads\\\/2022\\\/01\\\/continental-1024x768.jpg\"},{\"@type\":\"BreadcrumbList\",\"@id\":\"https:\\\/\\\/warex.cz\\\/en\\\/product-line-individual\\\/#breadcrumb\",\"itemListElement\":[{\"@type\":\"ListItem\",\"position\":1,\"name\":\"Home\",\"item\":\"https:\\\/\\\/warex.cz\\\/en\\\/\"},{\"@type\":\"ListItem\",\"position\":2,\"name\":\"INDIVIDUAL Product Line\"}]},{\"@type\":\"WebSite\",\"@id\":\"https:\\\/\\\/warex.cz\\\/en\\\/#website\",\"url\":\"https:\\\/\\\/warex.cz\\\/en\\\/\",\"name\":\"Warex\",\"description\":\"Web spole\u010dnosti Warex\",\"potentialAction\":[{\"@type\":\"SearchAction\",\"target\":{\"@type\":\"EntryPoint\",\"urlTemplate\":\"https:\\\/\\\/warex.cz\\\/en\\\/?s={search_term_string}\"},\"query-input\":{\"@type\":\"PropertyValueSpecification\",\"valueRequired\":true,\"valueName\":\"search_term_string\"}}],\"inLanguage\":\"en-US\"}]}<\/script>\n<!-- \/ Yoast SEO plugin. -->","yoast_head_json":{"title":"INDIVIDUAL Product Line - Warex","description":"Modular buildings, Product Line INDIVIDUAL, Type TYP I-B1 technical specification, DImension, Frame, Insulation, Walls","robots":{"index":"index","follow":"follow","max-snippet":"max-snippet:-1","max-image-preview":"max-image-preview:large","max-video-preview":"max-video-preview:-1"},"canonical":"https:\/\/warex.cz\/en\/product-line-individual\/","og_locale":"en_US","og_type":"article","og_title":"INDIVIDUAL Product Line - Warex","og_description":"Modular buildings, Product Line INDIVIDUAL, Type TYP I-B1 technical specification, DImension, Frame, Insulation, Walls","og_url":"https:\/\/warex.cz\/en\/product-line-individual\/","og_site_name":"Warex","article_publisher":"https:\/\/www.facebook.com\/WarexCzech\/notifications\/","article_modified_time":"2022-06-28T07:30:14+00:00","og_image":[{"url":"https:\/\/warex.cz\/app\/uploads\/2022\/01\/continental-1024x768.jpg","type":"","width":"","height":""}],"twitter_card":"summary_large_image","twitter_misc":{"Est. reading time":"3 minutes"},"schema":{"@context":"https:\/\/schema.org","@graph":[{"@type":"WebPage","@id":"https:\/\/warex.cz\/en\/product-line-individual\/","url":"https:\/\/warex.cz\/en\/product-line-individual\/","name":"INDIVIDUAL Product Line - Warex","isPartOf":{"@id":"https:\/\/warex.cz\/en\/#website"},"primaryImageOfPage":{"@id":"https:\/\/warex.cz\/en\/product-line-individual\/#primaryimage"},"image":{"@id":"https:\/\/warex.cz\/en\/product-line-individual\/#primaryimage"},"thumbnailUrl":"https:\/\/warex.cz\/app\/uploads\/2022\/01\/continental-1024x768.jpg","datePublished":"2022-02-21T10:39:38+00:00","dateModified":"2022-06-28T07:30:14+00:00","description":"Modular buildings, Product Line INDIVIDUAL, Type TYP I-B1 technical specification, DImension, Frame, Insulation, Walls","breadcrumb":{"@id":"https:\/\/warex.cz\/en\/product-line-individual\/#breadcrumb"},"inLanguage":"en-US","potentialAction":[{"@type":"ReadAction","target":["https:\/\/warex.cz\/en\/product-line-individual\/"]}]},{"@type":"ImageObject","inLanguage":"en-US","@id":"https:\/\/warex.cz\/en\/product-line-individual\/#primaryimage","url":"https:\/\/warex.cz\/app\/uploads\/2022\/01\/continental-1024x768.jpg","contentUrl":"https:\/\/warex.cz\/app\/uploads\/2022\/01\/continental-1024x768.jpg"},{"@type":"BreadcrumbList","@id":"https:\/\/warex.cz\/en\/product-line-individual\/#breadcrumb","itemListElement":[{"@type":"ListItem","position":1,"name":"Home","item":"https:\/\/warex.cz\/en\/"},{"@type":"ListItem","position":2,"name":"INDIVIDUAL Product Line"}]},{"@type":"WebSite","@id":"https:\/\/warex.cz\/en\/#website","url":"https:\/\/warex.cz\/en\/","name":"Warex","description":"Web spole\u010dnosti Warex","potentialAction":[{"@type":"SearchAction","target":{"@type":"EntryPoint","urlTemplate":"https:\/\/warex.cz\/en\/?s={search_term_string}"},"query-input":{"@type":"PropertyValueSpecification","valueRequired":true,"valueName":"search_term_string"}}],"inLanguage":"en-US"}]}},"_links":{"self":[{"href":"https:\/\/warex.cz\/en\/wp-json\/wp\/v2\/pages\/7965","targetHints":{"allow":["GET"]}}],"collection":[{"href":"https:\/\/warex.cz\/en\/wp-json\/wp\/v2\/pages"}],"about":[{"href":"https:\/\/warex.cz\/en\/wp-json\/wp\/v2\/types\/page"}],"author":[{"embeddable":true,"href":"https:\/\/warex.cz\/en\/wp-json\/wp\/v2\/users\/13"}],"replies":[{"embeddable":true,"href":"https:\/\/warex.cz\/en\/wp-json\/wp\/v2\/comments?post=7965"}],"version-history":[{"count":4,"href":"https:\/\/warex.cz\/en\/wp-json\/wp\/v2\/pages\/7965\/revisions"}],"predecessor-version":[{"id":8606,"href":"https:\/\/warex.cz\/en\/wp-json\/wp\/v2\/pages\/7965\/revisions\/8606"}],"wp:attachment":[{"href":"https:\/\/warex.cz\/en\/wp-json\/wp\/v2\/media?parent=7965"}],"curies":[{"name":"wp","href":"https:\/\/api.w.org\/{rel}","templated":true}]}}