{"id":892,"date":"2020-02-11T15:22:47","date_gmt":"2020-02-11T15:22:47","guid":{"rendered":"https:\/\/warex.cz\/vymenitelne-nastavby\/"},"modified":"2026-01-12T20:46:10","modified_gmt":"2026-01-12T19:46:10","slug":"swap-bodies","status":"publish","type":"page","link":"https:\/\/warex.cz\/en\/swap-bodies\/","title":{"rendered":"Swap bodies"},"content":{"rendered":"","protected":false},"excerpt":{"rendered":"","protected":false},"author":2,"featured_media":502,"parent":0,"menu_order":0,"comment_status":"closed","ping_status":"closed","template":"views\/template-exchangable-addons.blade.php","meta":{"_acf_changed":false,"footnotes":""},"class_list":["post-892","page","type-page","status-publish","has-post-thumbnail","hentry"],"acf":[],"yoast_head":"<!-- This site is optimized with the Yoast SEO plugin v26.9 - https:\/\/yoast.com\/product\/yoast-seo-wordpress\/ -->\n<title>Warex - Swap bodies<\/title>\n<meta name=\"description\" content=\"Swap bodies can be grouped with inter-modal transport units (UTI), which are suitable for European combined transport by road, rail, inland waterway and maritime transport.\" \/>\n<meta name=\"robots\" content=\"index, follow, max-snippet:-1, max-image-preview:large, max-video-preview:-1\" \/>\n<link rel=\"canonical\" href=\"https:\/\/warex.cz\/en\/swap-bodies\/\" \/>\n<meta property=\"og:locale\" content=\"en_US\" \/>\n<meta property=\"og:type\" content=\"article\" \/>\n<meta property=\"og:title\" content=\"Warex - Swap bodies\" \/>\n<meta property=\"og:description\" content=\"Swap bodies can be grouped with inter-modal transport units (UTI), which are suitable for European combined transport by road, rail, inland waterway and maritime transport.\" \/>\n<meta property=\"og:url\" content=\"https:\/\/warex.cz\/en\/swap-bodies\/\" \/>\n<meta property=\"og:site_name\" content=\"Warex\" \/>\n<meta property=\"article:publisher\" content=\"https:\/\/www.facebook.com\/WarexCzech\/notifications\/\" \/>\n<meta property=\"article:modified_time\" content=\"2026-01-12T19:46:10+00:00\" \/>\n<meta property=\"og:image\" content=\"https:\/\/warex.cz\/app\/uploads\/2020\/02\/DSC00629.jpg\" \/>\n\t<meta property=\"og:image:width\" content=\"960\" \/>\n\t<meta property=\"og:image:height\" content=\"643\" \/>\n\t<meta property=\"og:image:type\" content=\"image\/jpeg\" \/>\n<meta name=\"twitter:card\" content=\"summary_large_image\" \/>\n<meta name=\"twitter:label1\" content=\"Est. reading time\" \/>\n\t<meta name=\"twitter:data1\" content=\"1 minute\" \/>\n<script type=\"application\/ld+json\" class=\"yoast-schema-graph\">{\"@context\":\"https:\/\/schema.org\",\"@graph\":[{\"@type\":\"WebPage\",\"@id\":\"https:\/\/warex.cz\/en\/swap-bodies\/\",\"url\":\"https:\/\/warex.cz\/en\/swap-bodies\/\",\"name\":\"Warex - Swap bodies\",\"isPartOf\":{\"@id\":\"https:\/\/warex.cz\/en\/#website\"},\"primaryImageOfPage\":{\"@id\":\"https:\/\/warex.cz\/en\/swap-bodies\/#primaryimage\"},\"image\":{\"@id\":\"https:\/\/warex.cz\/en\/swap-bodies\/#primaryimage\"},\"thumbnailUrl\":\"https:\/\/warex.cz\/app\/uploads\/2020\/02\/DSC00629.jpg\",\"datePublished\":\"2020-02-11T15:22:47+00:00\",\"dateModified\":\"2026-01-12T19:46:10+00:00\",\"description\":\"Swap bodies can be grouped with inter-modal transport units (UTI), which are suitable for European combined transport by road, rail, inland waterway and maritime transport.\",\"breadcrumb\":{\"@id\":\"https:\/\/warex.cz\/en\/swap-bodies\/#breadcrumb\"},\"inLanguage\":\"en-US\",\"potentialAction\":[{\"@type\":\"ReadAction\",\"target\":[\"https:\/\/warex.cz\/en\/swap-bodies\/\"]}]},{\"@type\":\"ImageObject\",\"inLanguage\":\"en-US\",\"@id\":\"https:\/\/warex.cz\/en\/swap-bodies\/#primaryimage\",\"url\":\"https:\/\/warex.cz\/app\/uploads\/2020\/02\/DSC00629.jpg\",\"contentUrl\":\"https:\/\/warex.cz\/app\/uploads\/2020\/02\/DSC00629.jpg\",\"width\":960,\"height\":643,\"caption\":\"Warex - V\u00fdm\u011bnn\u00e9 n\u00e1stavby\"},{\"@type\":\"BreadcrumbList\",\"@id\":\"https:\/\/warex.cz\/en\/swap-bodies\/#breadcrumb\",\"itemListElement\":[{\"@type\":\"ListItem\",\"position\":1,\"name\":\"Home\",\"item\":\"https:\/\/warex.cz\/en\/\"},{\"@type\":\"ListItem\",\"position\":2,\"name\":\"Swap bodies\"}]},{\"@type\":\"WebSite\",\"@id\":\"https:\/\/warex.cz\/en\/#website\",\"url\":\"https:\/\/warex.cz\/en\/\",\"name\":\"Warex\",\"description\":\"Web spole\u010dnosti Warex\",\"potentialAction\":[{\"@type\":\"SearchAction\",\"target\":{\"@type\":\"EntryPoint\",\"urlTemplate\":\"https:\/\/warex.cz\/en\/?s={search_term_string}\"},\"query-input\":{\"@type\":\"PropertyValueSpecification\",\"valueRequired\":true,\"valueName\":\"search_term_string\"}}],\"inLanguage\":\"en-US\"}]}<\/script>\n<!-- \/ Yoast SEO plugin. -->","yoast_head_json":{"title":"Warex - Swap bodies","description":"Swap bodies can be grouped with inter-modal transport units (UTI), which are suitable for European combined transport by road, rail, inland waterway and maritime transport.","robots":{"index":"index","follow":"follow","max-snippet":"max-snippet:-1","max-image-preview":"max-image-preview:large","max-video-preview":"max-video-preview:-1"},"canonical":"https:\/\/warex.cz\/en\/swap-bodies\/","og_locale":"en_US","og_type":"article","og_title":"Warex - Swap bodies","og_description":"Swap bodies can be grouped with inter-modal transport units (UTI), which are suitable for European combined transport by road, rail, inland waterway and maritime transport.","og_url":"https:\/\/warex.cz\/en\/swap-bodies\/","og_site_name":"Warex","article_publisher":"https:\/\/www.facebook.com\/WarexCzech\/notifications\/","article_modified_time":"2026-01-12T19:46:10+00:00","og_image":[{"width":960,"height":643,"url":"https:\/\/warex.cz\/app\/uploads\/2020\/02\/DSC00629.jpg","type":"image\/jpeg"}],"twitter_card":"summary_large_image","twitter_misc":{"Est. reading time":"1 minute"},"schema":{"@context":"https:\/\/schema.org","@graph":[{"@type":"WebPage","@id":"https:\/\/warex.cz\/en\/swap-bodies\/","url":"https:\/\/warex.cz\/en\/swap-bodies\/","name":"Warex - Swap bodies","isPartOf":{"@id":"https:\/\/warex.cz\/en\/#website"},"primaryImageOfPage":{"@id":"https:\/\/warex.cz\/en\/swap-bodies\/#primaryimage"},"image":{"@id":"https:\/\/warex.cz\/en\/swap-bodies\/#primaryimage"},"thumbnailUrl":"https:\/\/warex.cz\/app\/uploads\/2020\/02\/DSC00629.jpg","datePublished":"2020-02-11T15:22:47+00:00","dateModified":"2026-01-12T19:46:10+00:00","description":"Swap bodies can be grouped with inter-modal transport units (UTI), which are suitable for European combined transport by road, rail, inland waterway and maritime transport.","breadcrumb":{"@id":"https:\/\/warex.cz\/en\/swap-bodies\/#breadcrumb"},"inLanguage":"en-US","potentialAction":[{"@type":"ReadAction","target":["https:\/\/warex.cz\/en\/swap-bodies\/"]}]},{"@type":"ImageObject","inLanguage":"en-US","@id":"https:\/\/warex.cz\/en\/swap-bodies\/#primaryimage","url":"https:\/\/warex.cz\/app\/uploads\/2020\/02\/DSC00629.jpg","contentUrl":"https:\/\/warex.cz\/app\/uploads\/2020\/02\/DSC00629.jpg","width":960,"height":643,"caption":"Warex - V\u00fdm\u011bnn\u00e9 n\u00e1stavby"},{"@type":"BreadcrumbList","@id":"https:\/\/warex.cz\/en\/swap-bodies\/#breadcrumb","itemListElement":[{"@type":"ListItem","position":1,"name":"Home","item":"https:\/\/warex.cz\/en\/"},{"@type":"ListItem","position":2,"name":"Swap bodies"}]},{"@type":"WebSite","@id":"https:\/\/warex.cz\/en\/#website","url":"https:\/\/warex.cz\/en\/","name":"Warex","description":"Web spole\u010dnosti Warex","potentialAction":[{"@type":"SearchAction","target":{"@type":"EntryPoint","urlTemplate":"https:\/\/warex.cz\/en\/?s={search_term_string}"},"query-input":{"@type":"PropertyValueSpecification","valueRequired":true,"valueName":"search_term_string"}}],"inLanguage":"en-US"}]}},"_links":{"self":[{"href":"https:\/\/warex.cz\/en\/wp-json\/wp\/v2\/pages\/892","targetHints":{"allow":["GET"]}}],"collection":[{"href":"https:\/\/warex.cz\/en\/wp-json\/wp\/v2\/pages"}],"about":[{"href":"https:\/\/warex.cz\/en\/wp-json\/wp\/v2\/types\/page"}],"author":[{"embeddable":true,"href":"https:\/\/warex.cz\/en\/wp-json\/wp\/v2\/users\/2"}],"replies":[{"embeddable":true,"href":"https:\/\/warex.cz\/en\/wp-json\/wp\/v2\/comments?post=892"}],"version-history":[{"count":89,"href":"https:\/\/warex.cz\/en\/wp-json\/wp\/v2\/pages\/892\/revisions"}],"predecessor-version":[{"id":18906,"href":"https:\/\/warex.cz\/en\/wp-json\/wp\/v2\/pages\/892\/revisions\/18906"}],"wp:featuredmedia":[{"embeddable":true,"href":"https:\/\/warex.cz\/en\/wp-json\/wp\/v2\/media\/502"}],"wp:attachment":[{"href":"https:\/\/warex.cz\/en\/wp-json\/wp\/v2\/media?parent=892"}],"curies":[{"name":"wp","href":"https:\/\/api.w.org\/{rel}","templated":true}]}}